{"id":847,"date":"2020-03-18T19:59:32","date_gmt":"2020-03-18T15:59:32","guid":{"rendered":"https:\/\/proagro.online\/?page_id=847"},"modified":"2020-03-18T20:01:05","modified_gmt":"2020-03-18T16:01:05","slug":"fertigation","status":"publish","type":"page","link":"https:\/\/proagro.online\/az\/products-and-services\/fertigation\/","title":{"rendered":"Bitki qidalanma v\u0259 g\u00fcbr\u0259l\u0259m\u0259 sisteml\u0259rinin monitorinqi"},"content":{"rendered":"<div class=\"fusion-fullwidth fullwidth-box fusion-builder-row-1 nonhundred-percent-fullwidth non-hundred-percent-height-scrolling\" style=\"--awb-border-radius-top-left:0px;--awb-border-radius-top-right:0px;--awb-border-radius-bottom-right:0px;--awb-border-radius-bottom-left:0px;--awb-flex-wrap:wrap;\" ><div class=\"fusion-builder-row fusion-row\"><div class=\"fusion-layout-column fusion_builder_column fusion-builder-column-0 fusion_builder_column_1_1 1_1 fusion-one-full fusion-column-first fusion-column-last\" style=\"--awb-bg-size:cover;--awb-margin-bottom:0px;\"><div class=\"fusion-column-wrapper fusion-flex-column-wrapper-legacy\"><div class=\"fusion-text fusion-text-1\"><p>H\u0259m damlama, h\u0259m d\u0259 \u00e7il\u0259yicil\u0259r vasit\u0259si il\u0259 olan, m\u00fcasir mikro suvarman\u0131n \u0259n vacib \u00fcst\u00fcnl\u00fckl\u0259ri bitkil\u0259rin yava\u015f, ayl\u0131q v\u0259 ya h\u0259ft\u0259lik g\u00fcbr\u0259 il\u0259 t\u0259min olunmas\u0131, eyni zamanda onlar\u0131n k\u00f6kl\u0259rd\u0259 b\u0259rab\u0259r paylanmas\u0131d\u0131r.<\/p>\n<p>Bu, d\u0259rin yarpaqlar il\u0259 olan torpaqda g\u00fcbr\u0259l\u0259rin itirilm\u0259sinin qar\u015f\u0131s\u0131n\u0131 al\u0131r v\u0259 bitkinin tam istifad\u0259sin\u0259 s\u0259b\u0259b olur. N\u0259tic\u0259d\u0259 m\u0259hsulun v\u0259 meyv\u0259nin keyfiyy\u0259ti art\u0131r v\u0259 \u0259traf m\u00fchit \u00e7irkl\u0259nmir.<\/p>\n<p>Eyni metodlardan istifad\u0259 ed\u0259r\u0259k, bir v\u0259 ya daha \u00e7ox g\u00fcbr\u0259 il\u0259 g\u00fcbr\u0259 t\u0259tbiqetm\u0259 d\u0259r\u0259c\u0259sini art\u0131rmaq \u00fc\u00e7\u00fcn torpa\u011f\u0131n k\u00f6k sisteminin tur\u015fulu\u011funu m\u00fcv\u0259qq\u0259ti olaraq t\u0259nziml\u0259y\u0259 bil\u0259rik.<\/p>\n<p>G\u00fcbr\u0259 suda h\u0259ll olunan g\u00fcbr\u0259l\u0259rl\u0259 damlama suvarma sistemi il\u0259 t\u0259tbiq oluna bil\u0259r. Damlama suvarma sisteml\u0259rind\u0259 y\u00fcks\u0259k d\u0259r\u0259c\u0259d\u0259 h\u0259ll olunan g\u00fcbr\u0259l\u0259r tez-tez istifad\u0259 olunur. Lakin onlar\u0131n qiym\u0259tl\u0259ri o q\u0259d\u0259r y\u00fcks\u0259kdir ki, \u0259ks\u0259r fermalar damlama suvarma sistemind\u0259 g\u00fcbr\u0259 qar\u0131\u015fd\u0131r\u0131c\u0131lar\u0131n\u0131n qura\u015fd\u0131r\u0131lmas\u0131na baxmayaraq, istifad\u0259l\u0259rini dayand\u0131rmaq m\u0259cburiyy\u0259tind\u0259 qal\u0131rlar.<br \/>\n<img decoding=\"async\" class=\"lazyload alignright wp-image-463\" src=\"https:\/\/proagro.online\/wp-content\/uploads\/2020\/03\/MOBILE-SERRA-1.png\" data-orig-src=\"https:\/\/proagro.online\/wp-content\/uploads\/2020\/03\/MOBILE-SERRA-1.png\" alt=\"\" width=\"415\" height=\"222\" srcset=\"data:image\/svg+xml,%3Csvg%20xmlns%3D%27http%3A%2F%2Fwww.w3.org%2F2000%2Fsvg%27%20width%3D%27415%27%20height%3D%27222%27%20viewBox%3D%270%200%20415%20222%27%3E%3Crect%20width%3D%27415%27%20height%3D%27222%27%20fill-opacity%3D%220%22%2F%3E%3C%2Fsvg%3E\" data-srcset=\"https:\/\/proagro.online\/wp-content\/uploads\/2020\/03\/MOBILE-SERRA-1-200x107.png 200w, https:\/\/proagro.online\/wp-content\/uploads\/2020\/03\/MOBILE-SERRA-1-300x160.png 300w, https:\/\/proagro.online\/wp-content\/uploads\/2020\/03\/MOBILE-SERRA-1-400x214.png 400w, https:\/\/proagro.online\/wp-content\/uploads\/2020\/03\/MOBILE-SERRA-1-600x321.png 600w, https:\/\/proagro.online\/wp-content\/uploads\/2020\/03\/MOBILE-SERRA-1-768x410.png 768w, https:\/\/proagro.online\/wp-content\/uploads\/2020\/03\/MOBILE-SERRA-1-800x427.png 800w, https:\/\/proagro.online\/wp-content\/uploads\/2020\/03\/MOBILE-SERRA-1-1024x547.png 1024w, https:\/\/proagro.online\/wp-content\/uploads\/2020\/03\/MOBILE-SERRA-1.png 1200w\" data-sizes=\"auto\" data-orig-sizes=\"(max-width: 415px) 100vw, 415px\" \/><\/p>\n<p>Proagro, damlama, pivot v\u0259 \u00e7il\u0259m\u0259 sisteml\u0259rind\u0259 suda daha az h\u0259ll olunan mono-g\u00fcbr\u0259l\u0259r \u00fc\u00e7\u00fcn g\u00fcbr\u0259 qar\u0131\u015fd\u0131r\u0131c\u0131lar\u0131n layih\u0259sini haz\u0131rlay\u0131r, onlar\u0131 istehsal edir v\u0259 sonda qura\u015fd\u0131r\u0131r.<\/p>\n<p>Bu, fermerl\u0259r\u0259 birba\u015fa g\u00fcbr\u0259 t\u0259tbiqetm\u0259 d\u0259y\u0259rin\u0259 b\u0259rab\u0259r \u0259h\u0259miyy\u0259tli bir \u00fcst\u00fcnl\u00fck v\u0259 q\u0259na\u0259t verir.<\/p>\n<p>Bu sisteml\u0259ri inki\u015faf etdir\u0259rk\u0259n Proagro, t\u0259r\u0259fda\u015flar\u0131m\u0131z\u0131n, \u0130span, \u0130talyan v\u0259 Amerika aqronom \u015firk\u0259tl\u0259rinin t\u0259cr\u00fcb\u0259sini v\u0259 torpaq monitorinqi metodlar\u0131n\u0131 AGQ Laboratoriyas\u0131 il\u0259 birlikd\u0259 istifad\u0259 edir.<\/p>\n<\/div><div class=\"fusion-clearfix\"><\/div><\/div><\/div><\/div><\/div>\n","protected":false},"excerpt":{"rendered":"","protected":false},"author":2,"featured_media":0,"parent":626,"menu_order":0,"comment_status":"closed","ping_status":"closed","template":"100-width.php","meta":{"om_disable_all_campaigns":false,"_uag_custom_page_level_css":"","_monsterinsights_skip_tracking":false,"_monsterinsights_sitenote_active":false,"_monsterinsights_sitenote_note":"","_monsterinsights_sitenote_category":0,"_uf_show_specific_survey":0,"_uf_disable_surveys":false,"footnotes":""},"class_list":["post-847","page","type-page","status-publish","hentry"],"aioseo_notices":[],"uagb_featured_image_src":{"full":false,"thumbnail":false,"medium":false,"medium_large":false,"large":false,"1536x1536":false,"2048x2048":false,"blog-large":false,"blog-medium":false,"recent-posts":false,"recent-works-thumbnail":false,"fusion-200":false,"fusion-400":false,"fusion-600":false,"fusion-800":false,"fusion-1200":false},"uagb_author_info":{"display_name":"David Malazonia","author_link":"https:\/\/proagro.online\/az\/author\/dm\/"},"uagb_comment_info":0,"uagb_excerpt":null,"_links":{"self":[{"href":"https:\/\/proagro.online\/az\/wp-json\/wp\/v2\/pages\/847","targetHints":{"allow":["GET"]}}],"collection":[{"href":"https:\/\/proagro.online\/az\/wp-json\/wp\/v2\/pages"}],"about":[{"href":"https:\/\/proagro.online\/az\/wp-json\/wp\/v2\/types\/page"}],"author":[{"embeddable":true,"href":"https:\/\/proagro.online\/az\/wp-json\/wp\/v2\/users\/2"}],"replies":[{"embeddable":true,"href":"https:\/\/proagro.online\/az\/wp-json\/wp\/v2\/comments?post=847"}],"version-history":[{"count":2,"href":"https:\/\/proagro.online\/az\/wp-json\/wp\/v2\/pages\/847\/revisions"}],"predecessor-version":[{"id":849,"href":"https:\/\/proagro.online\/az\/wp-json\/wp\/v2\/pages\/847\/revisions\/849"}],"up":[{"embeddable":true,"href":"https:\/\/proagro.online\/az\/wp-json\/wp\/v2\/pages\/626"}],"wp:attachment":[{"href":"https:\/\/proagro.online\/az\/wp-json\/wp\/v2\/media?parent=847"}],"curies":[{"name":"wp","href":"https:\/\/api.w.org\/{rel}","templated":true}]}}