{"id":833,"date":"2020-03-18T19:49:58","date_gmt":"2020-03-18T15:49:58","guid":{"rendered":"https:\/\/proagro.online\/?page_id=833"},"modified":"2020-03-18T19:52:43","modified_gmt":"2020-03-18T15:52:43","slug":"remotecontrol","status":"publish","type":"page","link":"https:\/\/proagro.online\/az\/products-and-services\/remotecontrol\/","title":{"rendered":"Suvarma Sisteml\u0259rinin M\u0259saf\u0259d\u0259n v\u0259 Avtomatik \u0130dar\u0259 edilm\u0259si"},"content":{"rendered":"<div class=\"fusion-fullwidth fullwidth-box fusion-builder-row-1 nonhundred-percent-fullwidth non-hundred-percent-height-scrolling\" style=\"--awb-border-radius-top-left:0px;--awb-border-radius-top-right:0px;--awb-border-radius-bottom-right:0px;--awb-border-radius-bottom-left:0px;--awb-flex-wrap:wrap;\" ><div class=\"fusion-builder-row fusion-row\"><div class=\"fusion-layout-column fusion_builder_column fusion-builder-column-0 fusion_builder_column_2_3 2_3 fusion-two-third fusion-column-first\" style=\"--awb-bg-size:cover;--awb-margin-bottom:0px;width:65.3333%; margin-right: 4%;\"><div class=\"fusion-column-wrapper fusion-flex-column-wrapper-legacy\"><div class=\"fusion-text fusion-text-1\"><p>\u015eirk\u0259timiz, suvarma v\u0259 g\u00fcbr\u0259l\u0259m\u0259 sisteml\u0259rinin m\u0259saf\u0259d\u0259n idar\u0259 edilm\u0259si sah\u0259sind\u0259 \u0130spaniyan\u0131n apar\u0131c\u0131 \u015firk\u0259tl\u0259rind\u0259n biri olan Progres il\u0259 \u0259m\u0259kda\u015fl\u0131q edir.<\/p>\n<p>Progres suvarma v\u0259 g\u00fcbr\u0259l\u0259m\u0259 sisteml\u0259rinin m\u0259saf\u0259d\u0259n v\u0259 avtomatik idar\u0259 edilm\u0259si sisteml\u0259rinin geni\u015f \u00e7e\u015fidini istehsal edir. \u015eirk\u0259tin m\u0259hsullar\u0131 v\u0259 h\u0259ll\u0259ri d\u00fcnyan\u0131n 20-d\u0259n \u00e7ox \u00f6lk\u0259d\u0259 t\u0259msil olunur v\u0259 100 mind\u0259n \u00e7ox a\u011f\u0131ll\u0131 cihaz sat\u0131l\u0131b. Progres texnoloji yenilik sah\u0259sind\u0259 bir \u00e7ox m\u00fckafat al\u0131b.<\/p>\n<p>Agronic 2500, Progres \u015firk\u0259tinin m\u0259hsul s\u0131ras\u0131nda \u0259n inki\u015faf etmi\u015f modell\u0259rd\u0259n biridir. Bir smartfon t\u0259tbiqi, veb sayt v\u0259 komp\u00fcterd\u0259n istifad\u0259 ed\u0259r\u0259k m\u0259saf\u0259d\u0259n suvarma v\u0259 g\u00fcbr\u0259l\u0259m\u0259 prosesin\u0259 tam idar\u0259 etm\u0259y\u0259 imkan verir. M\u00fcvafiq v\u0259ziyy\u0259tl\u0259r\u0259 g\u00f6r\u0259 SMS mesajlar\u0131 almaq da m\u00fcmk\u00fcnd\u00fcr.<\/p>\n<p>Agronic 2500 siqnal \u00f6t\u00fcrm\u0259k \u00fc\u00e7\u00fcn GSM modulundan istifad\u0259 edir. Bu analoq, r\u0259q\u0259msal v\u0259 metrik sensorlar il\u0259 vasit\u0259si il\u0259 al\u0131n\u0131r v\u0259 suvarma avtomatla\u015fd\u0131r\u0131lmas\u0131 \u00fc\u00e7\u00fcn al\u0131nan m\u0259lumatlar\u0131 istifad\u0259 edir. M\u0259s\u0259l\u0259n, torpa\u011f\u0131n n\u0259mlik sensorundan al\u0131nan m\u0259lumatlara \u0259sas\u0259n m\u00fc\u0259yy\u0259n bir torpaq sah\u0259sinin suvarma d\u0259r\u0259c\u0259sini proqramla\u015fd\u0131ra bil\u0259rik.<\/p>\n<p>Masaf\u0259d\u0259n v\u0259 avtomatla\u015fd\u0131r\u0131lm\u0131\u015f idar\u0259 sisteminin iqlim stansiyas\u0131 il\u0259 t\u0259chiz etm\u0259k d\u0259 m\u00fcmk\u00fcnd\u00fcr.<\/p>\n<p>B\u00f6y\u00fck torpaq sah\u0259l\u0259rini idar\u0259 etm\u0259k \u00fc\u00e7\u00fcn a\u015fa\u011f\u0131 enerji istehlak\u0131 il\u0259 xarakteriz\u0259 olunan v\u0259 g\u00fcn\u0259\u015f paneli vasit\u0259sil\u0259 tamamil\u0259 avtonom olan xarici Agrobee-L radio modulu istifad\u0259 olunur. Bununla, yer kabell\u0259rini h\u0259dd\u0259n art\u0131q y\u00fckl\u0259m\u0259d\u0259n v\u0259 \u0259m\u0259liyyat zaman\u0131 kabell\u0259rin z\u0259d\u0259l\u0259nm\u0259sin\u0259 s\u0259b\u0259b ola bil\u0259c\u0259k h\u0259r hans\u0131 bir gecikm\u0259nin qar\u015f\u0131s\u0131n\u0131 ala bil\u0259rik.<\/p>\n<p>Proagro, C\u0259nubi Qafqazdak\u0131 layih\u0259l\u0259rd\u0259, h\u0259m damlama suvarma sistemind\u0259, h\u0259m d\u0259 Pivot(dair\u0259vi) suvarma sisteml\u0259rind\u0259, Progres avadanl\u0131qlar\u0131n\u0131 u\u011furla t\u0259tbiq etm\u0259kd\u0259dir.<\/p>\n<p>\u015eirk\u0259timiz Progres \u015firk\u0259tinin C\u0259nubi Qafqaz v\u0259 Orta Asiyada ekskl\u00fcziv n\u00fcmay\u0259nd\u0259sidir.<\/p>\n<p><a href=\"https:\/\/www.progres.es\/\">https:\/\/www.progres.es\/<\/a><\/p>\n<\/div><div class=\"fusion-clearfix\"><\/div><\/div><\/div><div class=\"fusion-layout-column fusion_builder_column fusion-builder-column-1 fusion_builder_column_1_3 1_3 fusion-one-third fusion-column-last\" style=\"--awb-bg-size:cover;--awb-margin-bottom:0px;width:30.6666%;\"><div class=\"fusion-column-wrapper fusion-flex-column-wrapper-legacy\"><div class=\"fusion-sep-clear\"><\/div><div class=\"fusion-separator fusion-full-width-sep\" style=\"margin-left: auto;margin-right: auto;margin-top:10px;margin-bottom:10px;width:100%;\"><div class=\"fusion-separator-border sep-single sep-solid\" style=\"--awb-height:20px;--awb-amount:20px;--awb-sep-color:#f2f2f2;border-color:#f2f2f2;border-top-width:1px;\"><\/div><\/div><div class=\"fusion-sep-clear\"><\/div><div class=\"fusion-image-element fusion-image-align-center in-legacy-container\" style=\"text-align:center;--awb-caption-title-font-family:var(--h2_typography-font-family);--awb-caption-title-font-weight:var(--h2_typography-font-weight);--awb-caption-title-font-style:var(--h2_typography-font-style);--awb-caption-title-size:var(--h2_typography-font-size);--awb-caption-title-transform:var(--h2_typography-text-transform);--awb-caption-title-line-height:var(--h2_typography-line-height);--awb-caption-title-letter-spacing:var(--h2_typography-letter-spacing);\"><div class=\"imageframe-align-center\"><span class=\" fusion-imageframe imageframe-none imageframe-1 hover-type-zoomin\"><a href=\"https:\/\/proagro.online\/wp-content\/uploads\/2020\/03\/banner_agrobee-l_eng.jpg\" class=\"fusion-lightbox\" data-rel=\"iLightbox[256353026866db32d02]\" data-title=\"banner_agrobee-l_eng\" title=\"banner_agrobee-l_eng\"><img decoding=\"async\" width=\"1601\" height=\"731\" src=\"https:\/\/proagro.online\/wp-content\/uploads\/2020\/03\/banner_agrobee-l_eng.jpg\" data-orig-src=\"https:\/\/proagro.online\/wp-content\/uploads\/2020\/03\/banner_agrobee-l_eng.jpg\" alt class=\"lazyload img-responsive wp-image-820\" srcset=\"data:image\/svg+xml,%3Csvg%20xmlns%3D%27http%3A%2F%2Fwww.w3.org%2F2000%2Fsvg%27%20width%3D%271601%27%20height%3D%27731%27%20viewBox%3D%270%200%201601%20731%27%3E%3Crect%20width%3D%271601%27%20height%3D%27731%27%20fill-opacity%3D%220%22%2F%3E%3C%2Fsvg%3E\" data-srcset=\"https:\/\/proagro.online\/wp-content\/uploads\/2020\/03\/banner_agrobee-l_eng-200x91.jpg 200w, https:\/\/proagro.online\/wp-content\/uploads\/2020\/03\/banner_agrobee-l_eng-400x183.jpg 400w, https:\/\/proagro.online\/wp-content\/uploads\/2020\/03\/banner_agrobee-l_eng-600x274.jpg 600w, https:\/\/proagro.online\/wp-content\/uploads\/2020\/03\/banner_agrobee-l_eng-800x365.jpg 800w, https:\/\/proagro.online\/wp-content\/uploads\/2020\/03\/banner_agrobee-l_eng-1200x548.jpg 1200w, https:\/\/proagro.online\/wp-content\/uploads\/2020\/03\/banner_agrobee-l_eng.jpg 1601w\" data-sizes=\"auto\" data-orig-sizes=\"(max-width: 800px) 100vw, 400px\" \/><\/a><\/span><\/div><\/div><div class=\"fusion-sep-clear\"><\/div><div class=\"fusion-separator fusion-full-width-sep\" style=\"margin-left: auto;margin-right: auto;margin-top:10px;margin-bottom:10px;width:100%;\"><div class=\"fusion-separator-border sep-single sep-solid\" style=\"--awb-height:20px;--awb-amount:20px;--awb-sep-color:#f2f2f2;border-color:#f2f2f2;border-top-width:1px;\"><\/div><\/div><div class=\"fusion-sep-clear\"><\/div><div class=\"fusion-image-element fusion-image-align-center in-legacy-container\" style=\"text-align:center;--awb-caption-title-font-family:var(--h2_typography-font-family);--awb-caption-title-font-weight:var(--h2_typography-font-weight);--awb-caption-title-font-style:var(--h2_typography-font-style);--awb-caption-title-size:var(--h2_typography-font-size);--awb-caption-title-transform:var(--h2_typography-text-transform);--awb-caption-title-line-height:var(--h2_typography-line-height);--awb-caption-title-letter-spacing:var(--h2_typography-letter-spacing);\"><div class=\"imageframe-align-center\"><span class=\" fusion-imageframe imageframe-none imageframe-2 hover-type-zoomin\"><a href=\"https:\/\/proagro.online\/wp-content\/uploads\/2020\/03\/agronic_2500.jpg\" class=\"fusion-lightbox\" data-rel=\"iLightbox[166d99adcf7d3f7034f]\" data-title=\"agronic_2500\" title=\"agronic_2500\"><img decoding=\"async\" width=\"1600\" height=\"730\" src=\"https:\/\/proagro.online\/wp-content\/uploads\/2020\/03\/agronic_2500.jpg\" data-orig-src=\"https:\/\/proagro.online\/wp-content\/uploads\/2020\/03\/agronic_2500.jpg\" alt class=\"lazyload img-responsive wp-image-818\" srcset=\"data:image\/svg+xml,%3Csvg%20xmlns%3D%27http%3A%2F%2Fwww.w3.org%2F2000%2Fsvg%27%20width%3D%271600%27%20height%3D%27730%27%20viewBox%3D%270%200%201600%20730%27%3E%3Crect%20width%3D%271600%27%20height%3D%27730%27%20fill-opacity%3D%220%22%2F%3E%3C%2Fsvg%3E\" data-srcset=\"https:\/\/proagro.online\/wp-content\/uploads\/2020\/03\/agronic_2500-200x91.jpg 200w, https:\/\/proagro.online\/wp-content\/uploads\/2020\/03\/agronic_2500-400x183.jpg 400w, https:\/\/proagro.online\/wp-content\/uploads\/2020\/03\/agronic_2500-600x274.jpg 600w, https:\/\/proagro.online\/wp-content\/uploads\/2020\/03\/agronic_2500-800x365.jpg 800w, https:\/\/proagro.online\/wp-content\/uploads\/2020\/03\/agronic_2500-1200x548.jpg 1200w, https:\/\/proagro.online\/wp-content\/uploads\/2020\/03\/agronic_2500.jpg 1600w\" data-sizes=\"auto\" data-orig-sizes=\"(max-width: 800px) 100vw, 400px\" \/><\/a><\/span><\/div><\/div><div class=\"fusion-sep-clear\"><\/div><div class=\"fusion-separator fusion-full-width-sep\" style=\"margin-left: auto;margin-right: auto;margin-top:10px;margin-bottom:10px;width:100%;\"><div class=\"fusion-separator-border sep-single sep-solid\" style=\"--awb-height:20px;--awb-amount:20px;--awb-sep-color:#f2f2f2;border-color:#f2f2f2;border-top-width:1px;\"><\/div><\/div><div class=\"fusion-sep-clear\"><\/div><div class=\"fusion-image-element fusion-image-align-center in-legacy-container\" style=\"text-align:center;--awb-caption-title-font-family:var(--h2_typography-font-family);--awb-caption-title-font-weight:var(--h2_typography-font-weight);--awb-caption-title-font-style:var(--h2_typography-font-style);--awb-caption-title-size:var(--h2_typography-font-size);--awb-caption-title-transform:var(--h2_typography-text-transform);--awb-caption-title-line-height:var(--h2_typography-line-height);--awb-caption-title-letter-spacing:var(--h2_typography-letter-spacing);\"><div class=\"imageframe-align-center\"><span class=\" fusion-imageframe imageframe-none imageframe-3 hover-type-zoomin\"><a href=\"https:\/\/proagro.online\/wp-content\/uploads\/2020\/03\/nou_logo_progres_positiu_marge.p_ng.png\" class=\"fusion-lightbox\" data-rel=\"iLightbox[411adb57c3f296d91f6]\" data-title=\"nou_logo_progres_positiu_marge.p_ng\" title=\"nou_logo_progres_positiu_marge.p_ng\"><img decoding=\"async\" width=\"1932\" height=\"486\" src=\"https:\/\/proagro.online\/wp-content\/uploads\/2020\/03\/nou_logo_progres_positiu_marge.p_ng.png\" data-orig-src=\"https:\/\/proagro.online\/wp-content\/uploads\/2020\/03\/nou_logo_progres_positiu_marge.p_ng.png\" alt class=\"lazyload img-responsive wp-image-822\" srcset=\"data:image\/svg+xml,%3Csvg%20xmlns%3D%27http%3A%2F%2Fwww.w3.org%2F2000%2Fsvg%27%20width%3D%271932%27%20height%3D%27486%27%20viewBox%3D%270%200%201932%20486%27%3E%3Crect%20width%3D%271932%27%20height%3D%27486%27%20fill-opacity%3D%220%22%2F%3E%3C%2Fsvg%3E\" data-srcset=\"https:\/\/proagro.online\/wp-content\/uploads\/2020\/03\/nou_logo_progres_positiu_marge.p_ng-200x50.png 200w, https:\/\/proagro.online\/wp-content\/uploads\/2020\/03\/nou_logo_progres_positiu_marge.p_ng-400x101.png 400w, https:\/\/proagro.online\/wp-content\/uploads\/2020\/03\/nou_logo_progres_positiu_marge.p_ng-600x151.png 600w, https:\/\/proagro.online\/wp-content\/uploads\/2020\/03\/nou_logo_progres_positiu_marge.p_ng-800x201.png 800w, https:\/\/proagro.online\/wp-content\/uploads\/2020\/03\/nou_logo_progres_positiu_marge.p_ng-1200x302.png 1200w, https:\/\/proagro.online\/wp-content\/uploads\/2020\/03\/nou_logo_progres_positiu_marge.p_ng.png 1932w\" data-sizes=\"auto\" data-orig-sizes=\"(max-width: 800px) 100vw, 400px\" \/><\/a><\/span><\/div><\/div><div class=\"fusion-sep-clear\"><\/div><div class=\"fusion-separator fusion-full-width-sep\" style=\"margin-left: auto;margin-right: auto;margin-top:10px;margin-bottom:10px;width:100%;\"><div class=\"fusion-separator-border sep-single sep-solid\" style=\"--awb-height:20px;--awb-amount:20px;--awb-sep-color:#f2f2f2;border-color:#f2f2f2;border-top-width:1px;\"><\/div><\/div><div class=\"fusion-sep-clear\"><\/div><div class=\"fusion-clearfix\"><\/div><\/div><\/div><div class=\"fusion-layout-column fusion_builder_column fusion-builder-column-2 fusion_builder_column_1_1 1_1 fusion-one-full fusion-column-first fusion-column-last\" style=\"--awb-bg-size:cover;\"><div class=\"fusion-column-wrapper fusion-column-has-shadow fusion-flex-column-wrapper-legacy\"><div class=\"awb-gallery-wrapper awb-gallery-wrapper-1 button-span-no\"><div style=\"margin:-5px;--awb-bordersize:0px;\" class=\"fusion-gallery fusion-gallery-container fusion-grid-3 fusion-columns-total-3 fusion-gallery-layout-grid fusion-gallery-1\"><div style=\"padding:5px;\" class=\"fusion-grid-column fusion-gallery-column fusion-gallery-column-3 hover-type-none\"><div class=\"fusion-gallery-image\"><a href=\"https:\/\/proagro.online\/wp-content\/uploads\/2020\/03\/AgroBee-Repetidor_0.jpg\" rel=\"noreferrer\" data-rel=\"iLightbox[gallery_image_1]\" class=\"fusion-lightbox\" target=\"_self\"><img decoding=\"async\" src=\"https:\/\/proagro.online\/wp-content\/uploads\/2020\/03\/AgroBee-Repetidor_0-460x286.jpg\" width=\"460\" height=\"286\" alt=\"\" title=\"AgroBee-Repetidor_0\" aria-label=\"AgroBee-Repetidor_0\" class=\"img-responsive wp-image-472 fusion-gallery-image-size-fixed\"  \/><\/a><\/div><\/div><div style=\"padding:5px;\" class=\"fusion-grid-column fusion-gallery-column fusion-gallery-column-3 hover-type-none\"><div class=\"fusion-gallery-image\"><a href=\"https:\/\/proagro.online\/wp-content\/uploads\/2020\/03\/AgroBee-H2O_0.jpg\" rel=\"noreferrer\" data-rel=\"iLightbox[gallery_image_1]\" class=\"fusion-lightbox\" target=\"_self\"><img decoding=\"async\" src=\"https:\/\/proagro.online\/wp-content\/uploads\/2020\/03\/AgroBee-H2O_0-460x286.jpg\" width=\"460\" height=\"286\" alt=\"\" title=\"AgroBee-H2O_0\" aria-label=\"AgroBee-H2O_0\" class=\"img-responsive wp-image-470 fusion-gallery-image-size-fixed\"  \/><\/a><\/div><\/div><div style=\"padding:5px;\" class=\"fusion-grid-column fusion-gallery-column fusion-gallery-column-3 hover-type-none\"><div class=\"fusion-gallery-image\"><a href=\"https:\/\/proagro.online\/wp-content\/uploads\/2020\/03\/nube_nuevo.jpg\" rel=\"noreferrer\" data-rel=\"iLightbox[gallery_image_1]\" class=\"fusion-lightbox\" target=\"_self\"><img decoding=\"async\" src=\"https:\/\/proagro.online\/wp-content\/uploads\/2020\/03\/nube_nuevo-460x286.jpg\" width=\"460\" height=\"286\" alt=\"\" title=\"nube_nuevo\" aria-label=\"nube_nuevo\" class=\"img-responsive wp-image-524 fusion-gallery-image-size-fixed\"  \/><\/a><\/div><\/div><div class=\"clearfix\"><\/div><\/div><\/div><div class=\"fusion-clearfix\"><\/div><\/div><\/div><div class=\"fusion-layout-column fusion_builder_column fusion-builder-column-3 fusion_builder_column_1_2 1_2 fusion-one-half fusion-column-first\" style=\"--awb-padding-top:5px;--awb-padding-right:5px;--awb-padding-bottom:5px;--awb-padding-left:5px;--awb-bg-color:#27ae60;--awb-bg-color-hover:#27ae60;--awb-bg-size:cover;width:50%;width:calc(50% - ( ( 4% ) * 0.5 ) );margin-right: 4%;\"><div class=\"fusion-column-wrapper fusion-column-has-shadow fusion-flex-column-wrapper-legacy\"><div class=\"fusion-video fusion-youtube fusion-aligncenter\" style=\"--awb-max-width:600px;--awb-max-height:360px;--awb-width:100%;\"><div class=\"video-shortcode\"><div class=\"fluid-width-video-wrapper\" style=\"padding-top:60%;\" ><iframe title=\"YouTube video player 1\" src=\"https:\/\/www.youtube.com\/embed\/IFj88HGTmHs?wmode=transparent&autoplay=0\" width=\"600\" height=\"360\" allowfullscreen allow=\"autoplay; clipboard-write; encrypted-media; gyroscope; picture-in-picture;\"><\/iframe><\/div><\/div><\/div><div class=\"fusion-clearfix\"><\/div><\/div><\/div><div class=\"fusion-layout-column fusion_builder_column fusion-builder-column-4 fusion_builder_column_1_2 1_2 fusion-one-half fusion-column-last\" style=\"--awb-padding-top:5px;--awb-padding-right:5px;--awb-padding-bottom:5px;--awb-padding-left:5px;--awb-bg-color:#27ae60;--awb-bg-color-hover:#27ae60;--awb-bg-size:cover;width:50%;width:calc(50% - ( ( 4% ) * 0.5 ) );\"><div class=\"fusion-column-wrapper fusion-column-has-shadow fusion-flex-column-wrapper-legacy\"><div class=\"fusion-video fusion-youtube fusion-aligncenter\" style=\"--awb-max-width:600px;--awb-max-height:360px;--awb-width:100%;\"><div class=\"video-shortcode\"><div class=\"fluid-width-video-wrapper\" style=\"padding-top:60%;\" ><iframe title=\"YouTube video player 2\" src=\"https:\/\/www.youtube.com\/embed\/8hCwHqHoXlw?wmode=transparent&autoplay=0\" width=\"600\" height=\"360\" allowfullscreen allow=\"autoplay; clipboard-write; encrypted-media; gyroscope; picture-in-picture;\"><\/iframe><\/div><\/div><\/div><div class=\"fusion-clearfix\"><\/div><\/div><\/div><\/div><\/div>\n","protected":false},"excerpt":{"rendered":"","protected":false},"author":2,"featured_media":0,"parent":626,"menu_order":0,"comment_status":"closed","ping_status":"closed","template":"100-width.php","meta":{"om_disable_all_campaigns":false,"_uag_custom_page_level_css":"","_monsterinsights_skip_tracking":false,"_monsterinsights_sitenote_active":false,"_monsterinsights_sitenote_note":"","_monsterinsights_sitenote_category":0,"_uf_show_specific_survey":0,"_uf_disable_surveys":false,"footnotes":""},"class_list":["post-833","page","type-page","status-publish","hentry"],"aioseo_notices":[],"uagb_featured_image_src":{"full":false,"thumbnail":false,"medium":false,"medium_large":false,"large":false,"1536x1536":false,"2048x2048":false,"blog-large":false,"blog-medium":false,"recent-posts":false,"recent-works-thumbnail":false,"fusion-200":false,"fusion-400":false,"fusion-600":false,"fusion-800":false,"fusion-1200":false},"uagb_author_info":{"display_name":"David Malazonia","author_link":"https:\/\/proagro.online\/az\/author\/dm\/"},"uagb_comment_info":0,"uagb_excerpt":null,"_links":{"self":[{"href":"https:\/\/proagro.online\/az\/wp-json\/wp\/v2\/pages\/833","targetHints":{"allow":["GET"]}}],"collection":[{"href":"https:\/\/proagro.online\/az\/wp-json\/wp\/v2\/pages"}],"about":[{"href":"https:\/\/proagro.online\/az\/wp-json\/wp\/v2\/types\/page"}],"author":[{"embeddable":true,"href":"https:\/\/proagro.online\/az\/wp-json\/wp\/v2\/users\/2"}],"replies":[{"embeddable":true,"href":"https:\/\/proagro.online\/az\/wp-json\/wp\/v2\/comments?post=833"}],"version-history":[{"count":3,"href":"https:\/\/proagro.online\/az\/wp-json\/wp\/v2\/pages\/833\/revisions"}],"predecessor-version":[{"id":836,"href":"https:\/\/proagro.online\/az\/wp-json\/wp\/v2\/pages\/833\/revisions\/836"}],"up":[{"embeddable":true,"href":"https:\/\/proagro.online\/az\/wp-json\/wp\/v2\/pages\/626"}],"wp:attachment":[{"href":"https:\/\/proagro.online\/az\/wp-json\/wp\/v2\/media?parent=833"}],"curies":[{"name":"wp","href":"https:\/\/api.w.org\/{rel}","templated":true}]}}