{"id":793,"date":"2020-03-18T19:28:42","date_gmt":"2020-03-18T15:28:42","guid":{"rendered":"https:\/\/proagro.online\/?page_id=793"},"modified":"2020-03-18T19:29:19","modified_gmt":"2020-03-18T15:29:19","slug":"su-cil%c9%99yici-mexanizml%c9%99r","status":"publish","type":"page","link":"https:\/\/proagro.online\/az\/products-and-services\/su-cil%c9%99yici-mexanizml%c9%99r\/","title":{"rendered":"Su \u00e7il\u0259yici mexanizml\u0259r"},"content":{"rendered":"<div class=\"fusion-fullwidth fullwidth-box fusion-builder-row-1 nonhundred-percent-fullwidth non-hundred-percent-height-scrolling\" style=\"--awb-border-radius-top-left:0px;--awb-border-radius-top-right:0px;--awb-border-radius-bottom-right:0px;--awb-border-radius-bottom-left:0px;--awb-flex-wrap:wrap;\" ><div class=\"fusion-builder-row fusion-row\"><div class=\"fusion-layout-column fusion_builder_column fusion-builder-column-0 fusion_builder_column_1_1 1_1 fusion-one-full fusion-column-first fusion-column-last\" style=\"--awb-bg-size:cover;--awb-margin-bottom:0px;\"><div class=\"fusion-column-wrapper fusion-flex-column-wrapper-legacy\"><div class=\"fusion-text fusion-text-1\"><p><img decoding=\"async\" class=\"lazyload alignright wp-image-440\" src=\"https:\/\/proagro.online\/wp-content\/uploads\/2020\/03\/Senniger.jpg\" data-orig-src=\"https:\/\/proagro.online\/wp-content\/uploads\/2020\/03\/Senniger.jpg\" alt=\"\" width=\"231\" height=\"404\" srcset=\"data:image\/svg+xml,%3Csvg%20xmlns%3D%27http%3A%2F%2Fwww.w3.org%2F2000%2Fsvg%27%20width%3D%27231%27%20height%3D%27404%27%20viewBox%3D%270%200%20231%20404%27%3E%3Crect%20width%3D%27231%27%20height%3D%27404%27%20fill-opacity%3D%220%22%2F%3E%3C%2Fsvg%3E\" data-srcset=\"https:\/\/proagro.online\/wp-content\/uploads\/2020\/03\/Senniger-171x300.jpg 171w, https:\/\/proagro.online\/wp-content\/uploads\/2020\/03\/Senniger-200x350.jpg 200w, https:\/\/proagro.online\/wp-content\/uploads\/2020\/03\/Senniger-400x700.jpg 400w, https:\/\/proagro.online\/wp-content\/uploads\/2020\/03\/Senniger-585x1024.jpg 585w, https:\/\/proagro.online\/wp-content\/uploads\/2020\/03\/Senniger-600x1050.jpg 600w, https:\/\/proagro.online\/wp-content\/uploads\/2020\/03\/Senniger-768x1344.jpg 768w, https:\/\/proagro.online\/wp-content\/uploads\/2020\/03\/Senniger.jpg 800w\" data-sizes=\"auto\" data-orig-sizes=\"(max-width: 231px) 100vw, 231px\" \/>Amerika \u015firk\u0259ti olan Senninger Corporation d\u00fcnyan\u0131n apar\u0131c\u0131 \u00e7il\u0259yici \u015firk\u0259tl\u0259rind\u0259n biridir.<\/p>\n<p>Senninger \u015firk\u0259ti d\u00fcnya bazar\u0131n\u0131n pivot ma\u015f\u0131nlar \u00fczr\u0259 40% -ni pay\u0131 istisna olmaqla, h\u0259m istixanalar, h\u0259md\u0259 a\u00e7\u0131q sah\u0259l\u0259r \u00fc\u00e7\u00fcn, duman yaradan \u00e7il\u0259yicil\u0259r daxil olmaqla, h\u0259r c\u00fcr y\u00fcks\u0259k keyfiyy\u0259tli stasionar \u00e7il\u0259yicil\u0259r istehsal edir.<\/p>\n<p>Torpaq qab\u0131\u011f\u0131n\u0131n \u0259m\u0259l\u0259 g\u0259lm\u0259si, infiltrasiya probleml\u0259ri v\u0259 yamaclar\u0131n suvar\u0131lmas\u0131 zaman\u0131 eroziyan\u0131n qar\u015f\u0131s\u0131n\u0131n al\u0131nmas\u0131 kimi k\u0259nd t\u0259s\u0259rr\u00fcfat\u0131 suvarma probleml\u0259rinin h\u0259lli \u00fc\u00e7\u00fcn Senninger x\u00fcsusi, unikal texnologiyalardan istifad\u0259 olunur. Bundan \u0259lav\u0259, a\u015fa\u011f\u0131 t\u0259zyiq (0.70 &#8211; 2.00 bar) kimi vacib texniki probleml\u0259rd\u0259 h\u0259ll olunur.<\/p>\n<p>Senninger t\u0259zyiq t\u0259nziml\u0259yicil\u0259ri unikald\u0131r v\u0259 geni\u015f istifad\u0259 olunur. G\u00fcrc\u00fcstan\u0131n da\u011fl\u0131q \u015f\u0259raitind\u0259 minl\u0259rl\u0259 hektar \u0259razimizd\u0259 damlama suvarma sistemi u\u011furla t\u0259tbiq olunub.<\/p>\n<p>Senninger kompressorlar\u0131 v\u0259 t\u0259zyiq t\u0259nziml\u0259yicil\u0259ri d\u0259 daxil olmaqla, yuxar\u0131da g\u00f6st\u0259ril\u0259n Toro damc\u0131 borular\u0131 Aquatraxx FC, yamaclar\u0131 d\u00fcz\u0259ltm\u0259k \u00fc\u00e7\u00fcn \u015firk\u0259timiz t\u0259r\u0259find\u0259n u\u011furla istifad\u0259 olunur.<\/p>\n<p>Dey\u0259 bil\u0259rik ki, onlar vasit\u0259sil\u0259 meyv\u0259 a\u011faclar\u0131, kartof v\u0259 \u00e7\u0259m\u0259nlikl\u0259r yeti\u015fdirilm\u0259si \u00fc\u00e7\u00fcn yamac v\u0259 d\u00fcz\u0259nlikl\u0259rin suvar\u0131lmas\u0131 imkanlar\u0131n\u0131 b\u0259rab\u0259rl\u0259\u015fdirdik.<\/p>\n<\/div><div class=\"fusion-clearfix\"><\/div><\/div><\/div><div class=\"fusion-layout-column fusion_builder_column fusion-builder-column-1 fusion_builder_column_1_1 1_1 fusion-one-full fusion-column-first fusion-column-last\" style=\"--awb-bg-size:cover;\"><div class=\"fusion-column-wrapper fusion-column-has-shadow fusion-flex-column-wrapper-legacy\"><div class=\"awb-gallery-wrapper awb-gallery-wrapper-1 button-span-no\"><div style=\"margin:-5px;--awb-bordersize:0px;\" class=\"fusion-gallery fusion-gallery-container fusion-grid-5 fusion-columns-total-5 fusion-gallery-layout-grid fusion-gallery-1\"><div style=\"padding:5px;\" class=\"fusion-grid-column fusion-gallery-column fusion-gallery-column-5 hover-type-none\"><div class=\"fusion-gallery-image\"><a href=\"https:\/\/proagro.online\/wp-content\/uploads\/2020\/03\/5356_1600.jpg\" rel=\"noreferrer\" data-rel=\"iLightbox[gallery_image_1]\" class=\"fusion-lightbox\" target=\"_self\"><img decoding=\"async\" src=\"https:\/\/proagro.online\/wp-content\/uploads\/2020\/03\/5356_1600-320x202.jpg\" width=\"320\" height=\"202\" alt=\"\" title=\"5356_1600\" aria-label=\"5356_1600\" class=\"img-responsive wp-image-432 fusion-gallery-image-size-fixed\" srcset=\"https:\/\/proagro.online\/wp-content\/uploads\/2020\/03\/5356_1600-320x202.jpg 320w, https:\/\/proagro.online\/wp-content\/uploads\/2020\/03\/5356_1600-700x441.jpg 700w\" sizes=\"(max-width: 320px) 100vw, 320px\" \/><\/a><\/div><\/div><div style=\"padding:5px;\" class=\"fusion-grid-column fusion-gallery-column fusion-gallery-column-5 hover-type-none\"><div class=\"fusion-gallery-image\"><a href=\"https:\/\/proagro.online\/wp-content\/uploads\/2020\/03\/i-wob-sprinkler.jpg\" rel=\"noreferrer\" data-rel=\"iLightbox[gallery_image_1]\" class=\"fusion-lightbox\" target=\"_self\"><img decoding=\"async\" src=\"https:\/\/proagro.online\/wp-content\/uploads\/2020\/03\/i-wob-sprinkler-320x202.jpg\" width=\"320\" height=\"202\" alt=\"\" title=\"i-wob-sprinkler\" aria-label=\"i-wob-sprinkler\" class=\"img-responsive wp-image-434 fusion-gallery-image-size-fixed\"  \/><\/a><\/div><\/div><div style=\"padding:5px;\" class=\"fusion-grid-column fusion-gallery-column fusion-gallery-column-5 hover-type-none\"><div class=\"fusion-gallery-image\"><a href=\"https:\/\/proagro.online\/wp-content\/uploads\/2020\/03\/maxresdefault.jpg\" rel=\"noreferrer\" data-rel=\"iLightbox[gallery_image_1]\" class=\"fusion-lightbox\" target=\"_self\"><img decoding=\"async\" src=\"https:\/\/proagro.online\/wp-content\/uploads\/2020\/03\/maxresdefault-320x202.jpg\" width=\"320\" height=\"202\" alt=\"\" title=\"maxresdefault\" aria-label=\"maxresdefault\" class=\"img-responsive wp-image-436 fusion-gallery-image-size-fixed\" srcset=\"https:\/\/proagro.online\/wp-content\/uploads\/2020\/03\/maxresdefault-320x202.jpg 320w, https:\/\/proagro.online\/wp-content\/uploads\/2020\/03\/maxresdefault-700x441.jpg 700w\" sizes=\"(max-width: 320px) 100vw, 320px\" \/><\/a><\/div><\/div><div style=\"padding:5px;\" class=\"fusion-grid-column fusion-gallery-column fusion-gallery-column-5 hover-type-none\"><div class=\"fusion-gallery-image\"><a href=\"https:\/\/proagro.online\/wp-content\/uploads\/2020\/03\/products.jpg\" rel=\"noreferrer\" data-rel=\"iLightbox[gallery_image_1]\" class=\"fusion-lightbox\" target=\"_self\"><img decoding=\"async\" src=\"https:\/\/proagro.online\/wp-content\/uploads\/2020\/03\/products-320x202.jpg\" width=\"320\" height=\"202\" alt=\"\" title=\"products\" aria-label=\"products\" class=\"img-responsive wp-image-438 fusion-gallery-image-size-fixed\" srcset=\"https:\/\/proagro.online\/wp-content\/uploads\/2020\/03\/products-320x202.jpg 320w, https:\/\/proagro.online\/wp-content\/uploads\/2020\/03\/products-700x441.jpg 700w\" sizes=\"(max-width: 320px) 100vw, 320px\" \/><\/a><\/div><\/div><div style=\"padding:5px;\" class=\"fusion-grid-column fusion-gallery-column fusion-gallery-column-5 hover-type-none\"><div class=\"fusion-gallery-image\"><a href=\"https:\/\/proagro.online\/wp-content\/uploads\/2020\/03\/xcel-wobbler-coffee.jpg\" rel=\"noreferrer\" data-rel=\"iLightbox[gallery_image_1]\" class=\"fusion-lightbox\" target=\"_self\"><img decoding=\"async\" src=\"https:\/\/proagro.online\/wp-content\/uploads\/2020\/03\/xcel-wobbler-coffee-320x202.jpg\" width=\"320\" height=\"202\" alt=\"\" title=\"xcel-wobbler-coffee\" aria-label=\"xcel-wobbler-coffee\" class=\"img-responsive wp-image-442 fusion-gallery-image-size-fixed\" srcset=\"https:\/\/proagro.online\/wp-content\/uploads\/2020\/03\/xcel-wobbler-coffee-320x202.jpg 320w, https:\/\/proagro.online\/wp-content\/uploads\/2020\/03\/xcel-wobbler-coffee-700x441.jpg 700w\" sizes=\"(max-width: 320px) 100vw, 320px\" \/><\/a><\/div><\/div><div class=\"clearfix\"><\/div><\/div><\/div><div class=\"fusion-clearfix\"><\/div><\/div><\/div><div class=\"fusion-layout-column fusion_builder_column fusion-builder-column-2 fusion_builder_column_1_3 1_3 fusion-one-third fusion-column-first\" style=\"--awb-padding-top:5px;--awb-padding-right:5px;--awb-padding-bottom:5px;--awb-padding-left:5px;--awb-bg-color:#27ae60;--awb-bg-color-hover:#27ae60;--awb-bg-size:cover;width:33.333333333333%;width:calc(33.333333333333% - ( ( 4% + 4% ) * 0.33333333333333 ) );margin-right: 4%;\"><div class=\"fusion-column-wrapper fusion-column-has-shadow fusion-flex-column-wrapper-legacy\"><div class=\"fusion-video fusion-youtube fusion-aligncenter\" style=\"--awb-max-width:600px;--awb-max-height:360px;--awb-width:100%;\"><div class=\"video-shortcode\"><div class=\"fluid-width-video-wrapper\" style=\"padding-top:60%;\" ><iframe title=\"YouTube video player 1\" src=\"https:\/\/www.youtube.com\/embed\/eKnNtgjNDa8?wmode=transparent&autoplay=0\" width=\"600\" height=\"360\" allowfullscreen allow=\"autoplay; clipboard-write; encrypted-media; gyroscope; picture-in-picture;\"><\/iframe><\/div><\/div><\/div><div class=\"fusion-clearfix\"><\/div><\/div><\/div><div class=\"fusion-layout-column fusion_builder_column fusion-builder-column-3 fusion_builder_column_1_3 1_3 fusion-one-third\" style=\"--awb-padding-top:5px;--awb-padding-right:5px;--awb-padding-bottom:5px;--awb-padding-left:5px;--awb-bg-color:#27ae60;--awb-bg-color-hover:#27ae60;--awb-bg-size:cover;width:33.333333333333%;width:calc(33.333333333333% - ( ( 4% + 4% ) * 0.33333333333333 ) );margin-right: 4%;\"><div class=\"fusion-column-wrapper fusion-column-has-shadow fusion-flex-column-wrapper-legacy\"><div class=\"fusion-video fusion-youtube fusion-aligncenter\" style=\"--awb-max-width:600px;--awb-max-height:360px;--awb-width:100%;\"><div class=\"video-shortcode\"><div class=\"fluid-width-video-wrapper\" style=\"padding-top:60%;\" ><iframe title=\"YouTube video player 2\" src=\"https:\/\/www.youtube.com\/embed\/wCmlYDDpoZE?wmode=transparent&autoplay=0\" width=\"600\" height=\"360\" allowfullscreen allow=\"autoplay; clipboard-write; encrypted-media; gyroscope; picture-in-picture;\"><\/iframe><\/div><\/div><\/div><div class=\"fusion-clearfix\"><\/div><\/div><\/div><div class=\"fusion-layout-column fusion_builder_column fusion-builder-column-4 fusion_builder_column_1_3 1_3 fusion-one-third fusion-column-last\" style=\"--awb-padding-top:5px;--awb-padding-right:5px;--awb-padding-bottom:5px;--awb-padding-left:5px;--awb-bg-color:#27ae60;--awb-bg-color-hover:#27ae60;--awb-bg-size:cover;width:33.333333333333%;width:calc(33.333333333333% - ( ( 4% + 4% ) * 0.33333333333333 ) );\"><div class=\"fusion-column-wrapper fusion-column-has-shadow fusion-flex-column-wrapper-legacy\"><div class=\"fusion-video fusion-youtube fusion-aligncenter\" style=\"--awb-max-width:600px;--awb-max-height:360px;--awb-width:100%;\"><div class=\"video-shortcode\"><div class=\"fluid-width-video-wrapper\" style=\"padding-top:60%;\" ><iframe title=\"YouTube video player 3\" src=\"https:\/\/www.youtube.com\/embed\/jC_hWileowg?wmode=transparent&autoplay=0\" width=\"600\" height=\"360\" allowfullscreen allow=\"autoplay; clipboard-write; encrypted-media; gyroscope; picture-in-picture;\"><\/iframe><\/div><\/div><\/div><div class=\"fusion-clearfix\"><\/div><\/div><\/div><\/div><\/div>\n","protected":false},"excerpt":{"rendered":"","protected":false},"author":2,"featured_media":0,"parent":626,"menu_order":0,"comment_status":"closed","ping_status":"closed","template":"100-width.php","meta":{"om_disable_all_campaigns":false,"_uag_custom_page_level_css":"","_monsterinsights_skip_tracking":false,"_monsterinsights_sitenote_active":false,"_monsterinsights_sitenote_note":"","_monsterinsights_sitenote_category":0,"_uf_show_specific_survey":0,"_uf_disable_surveys":false,"footnotes":""},"class_list":["post-793","page","type-page","status-publish","hentry"],"aioseo_notices":[],"uagb_featured_image_src":{"full":false,"thumbnail":false,"medium":false,"medium_large":false,"large":false,"1536x1536":false,"2048x2048":false,"blog-large":false,"blog-medium":false,"recent-posts":false,"recent-works-thumbnail":false,"fusion-200":false,"fusion-400":false,"fusion-600":false,"fusion-800":false,"fusion-1200":false},"uagb_author_info":{"display_name":"David Malazonia","author_link":"https:\/\/proagro.online\/az\/author\/dm\/"},"uagb_comment_info":0,"uagb_excerpt":null,"_links":{"self":[{"href":"https:\/\/proagro.online\/az\/wp-json\/wp\/v2\/pages\/793","targetHints":{"allow":["GET"]}}],"collection":[{"href":"https:\/\/proagro.online\/az\/wp-json\/wp\/v2\/pages"}],"about":[{"href":"https:\/\/proagro.online\/az\/wp-json\/wp\/v2\/types\/page"}],"author":[{"embeddable":true,"href":"https:\/\/proagro.online\/az\/wp-json\/wp\/v2\/users\/2"}],"replies":[{"embeddable":true,"href":"https:\/\/proagro.online\/az\/wp-json\/wp\/v2\/comments?post=793"}],"version-history":[{"count":1,"href":"https:\/\/proagro.online\/az\/wp-json\/wp\/v2\/pages\/793\/revisions"}],"predecessor-version":[{"id":794,"href":"https:\/\/proagro.online\/az\/wp-json\/wp\/v2\/pages\/793\/revisions\/794"}],"up":[{"embeddable":true,"href":"https:\/\/proagro.online\/az\/wp-json\/wp\/v2\/pages\/626"}],"wp:attachment":[{"href":"https:\/\/proagro.online\/az\/wp-json\/wp\/v2\/media?parent=793"}],"curies":[{"name":"wp","href":"https:\/\/api.w.org\/{rel}","templated":true}]}}