{"id":766,"date":"2020-03-18T19:16:00","date_gmt":"2020-03-18T15:16:00","guid":{"rendered":"https:\/\/proagro.online\/?page_id=766"},"modified":"2020-03-18T19:20:30","modified_gmt":"2020-03-18T15:20:30","slug":"pivot","status":"publish","type":"page","link":"https:\/\/proagro.online\/az\/products-and-services\/pivot\/","title":{"rendered":"Pivot Suvarma Sisteml\u0259ri"},"content":{"rendered":"<div class=\"fusion-fullwidth fullwidth-box fusion-builder-row-1 nonhundred-percent-fullwidth non-hundred-percent-height-scrolling\" style=\"--awb-border-radius-top-left:0px;--awb-border-radius-top-right:0px;--awb-border-radius-bottom-right:0px;--awb-border-radius-bottom-left:0px;--awb-flex-wrap:wrap;\" ><div class=\"fusion-builder-row fusion-row\"><div class=\"fusion-layout-column fusion_builder_column fusion-builder-column-0 fusion_builder_column_1_1 1_1 fusion-one-full fusion-column-first fusion-column-last\" style=\"--awb-bg-size:cover;--awb-margin-bottom:0px;\"><div class=\"fusion-column-wrapper fusion-flex-column-wrapper-legacy\"><div class=\"fusion-text fusion-text-1\"><p>Pivot suvarma sistemi, suvarma avadanl\u0131qlar\u0131 m\u0259rk\u0259zi bir postament(\u00f6z\u00fcl) \u0259traf\u0131nda f\u0131rlanan v\u0259 m\u0259rk\u0259z \u0259traf\u0131ndak\u0131 olan sah\u0259 is\u0259 \u00e7il\u0259yicil\u0259r t\u0259r\u0259find\u0259n il\u0259 suvar\u0131lan, bir suvarma n\u00f6v\u00fcd\u00fcr.<\/p>\n<p>Bu g\u00fcn \u0259ks\u0259r pivot suvarma sisteml\u0259ri elektrik m\u00fch\u0259rrikl\u0259ri t\u0259r\u0259find\u0259n idar\u0259 olunur.<\/p>\n<p>Amerika korporasiyas\u0131 Lindsay, bazar\u0131n 40% -ni tutan d\u00fcnyada, pivot suvarma sisteml\u0259rinin apar\u0131c\u0131 istehsal\u00e7\u0131s\u0131d\u0131r.<\/p>\n<p>Onun Zimmatic suvarma ma\u015f\u0131nlar\u0131 y\u00fcks\u0259k g\u00fcc\u00fc, texniki parametrl\u0259ri v\u0259 keyfiyy\u0259ti il\u0259 xarakteriz\u0259 olunur.<\/p>\n<p>Zimmatic pivot suvarma sisteml\u0259ri h\u0259m ki\u00e7ik, h\u0259m d\u0259 b\u00f6y\u00fck torpaq sah\u0259l\u0259ri \u00fc\u00e7\u00fcn uy\u011fundur. Onlar\u0131n modul dizayn x\u00fcsusiyy\u0259ti daha uzun sistem konfiqurasiyas\u0131na imkan yarad\u0131r, v\u0259 bu da sonda sistem x\u0259rcl\u0259rin azalmas\u0131na g\u0259tirir.<\/p>\n<p>\u015e\u0259k\u0259r qam\u0131\u015f\u0131 v\u0259 ya di\u011f\u0259r h\u00fcnd\u00fcr meyv\u0259 a\u011faclar\u0131 kimi bitkil\u0259rin suvar\u0131lmas\u0131 \u00fc\u00e7\u00fcn, Pivot sisteml\u0259rind\u0259 x\u00fcsusi h\u00fcnd\u00fcrl\u00fcy\u00fc qura\u015fd\u0131r\u0131l\u0131b sazlanmas\u0131 m\u00fcmk\u00fcnd\u00fcr. H\u0259r bir pivot x\u00fcsusi iqlim, topoqrafik v\u0259 bitki \u015f\u0259raiti \u00fc\u00e7\u00fcn haz\u0131rlanmaqdad\u0131r.<\/p>\n<p>Proagro MMC bu sisteml\u0259rin dizayn\u0131n\u0131, t\u0259chizat\u0131 v\u0259 qura\u015fd\u0131r\u0131lmas\u0131 t\u0259klif edir.<\/p>\n<\/div><div class=\"fusion-clearfix\"><\/div><\/div><\/div><div class=\"fusion-layout-column fusion_builder_column fusion-builder-column-1 fusion_builder_column_1_1 1_1 fusion-one-full fusion-column-first fusion-column-last\" style=\"--awb-bg-size:cover;\"><div class=\"fusion-column-wrapper fusion-column-has-shadow fusion-flex-column-wrapper-legacy\"><div class=\"awb-gallery-wrapper awb-gallery-wrapper-1 button-span-no\"><div style=\"margin:-5px;--awb-bordersize:0px;\" class=\"fusion-gallery fusion-gallery-container fusion-grid-4 fusion-columns-total-4 fusion-gallery-layout-grid fusion-gallery-1\"><div style=\"padding:5px;\" class=\"fusion-grid-column fusion-gallery-column fusion-gallery-column-4 hover-type-none\"><div class=\"fusion-gallery-image\"><a href=\"https:\/\/proagro.online\/wp-content\/uploads\/2020\/03\/pivot.jpg\" rel=\"noreferrer\" data-rel=\"iLightbox[gallery_image_1]\" class=\"fusion-lightbox\" target=\"_self\"><img decoding=\"async\" src=\"https:\/\/proagro.online\/wp-content\/uploads\/2020\/03\/pivot-320x202.jpg\" width=\"320\" height=\"202\" alt=\"\" title=\"pivot\" aria-label=\"pivot\" class=\"img-responsive wp-image-424 fusion-gallery-image-size-fixed\" srcset=\"https:\/\/proagro.online\/wp-content\/uploads\/2020\/03\/pivot-320x202.jpg 320w, https:\/\/proagro.online\/wp-content\/uploads\/2020\/03\/pivot-700x441.jpg 700w\" sizes=\"(max-width: 320px) 100vw, 320px\" \/><\/a><\/div><\/div><div style=\"padding:5px;\" class=\"fusion-grid-column fusion-gallery-column fusion-gallery-column-4 hover-type-none\"><div class=\"fusion-gallery-image\"><a href=\"https:\/\/proagro.online\/wp-content\/uploads\/2020\/03\/Zimmatic.jpg\" rel=\"noreferrer\" data-rel=\"iLightbox[gallery_image_1]\" class=\"fusion-lightbox\" target=\"_self\"><img decoding=\"async\" src=\"https:\/\/proagro.online\/wp-content\/uploads\/2020\/03\/Zimmatic-320x202.jpg\" width=\"320\" height=\"202\" alt=\"\" title=\"Zimmatic\" aria-label=\"Zimmatic\" class=\"img-responsive wp-image-420 fusion-gallery-image-size-fixed\" srcset=\"https:\/\/proagro.online\/wp-content\/uploads\/2020\/03\/Zimmatic-320x202.jpg 320w, https:\/\/proagro.online\/wp-content\/uploads\/2020\/03\/Zimmatic-700x441.jpg 700w\" sizes=\"(max-width: 320px) 100vw, 320px\" \/><\/a><\/div><\/div><div style=\"padding:5px;\" class=\"fusion-grid-column fusion-gallery-column fusion-gallery-column-4 hover-type-none\"><div class=\"fusion-gallery-image\"><a href=\"https:\/\/proagro.online\/wp-content\/uploads\/2020\/03\/large-pivot.jpg\" rel=\"noreferrer\" data-rel=\"iLightbox[gallery_image_1]\" class=\"fusion-lightbox\" target=\"_self\"><img decoding=\"async\" src=\"https:\/\/proagro.online\/wp-content\/uploads\/2020\/03\/large-pivot-320x202.jpg\" width=\"320\" height=\"202\" alt=\"\" title=\"large-pivot\" aria-label=\"large-pivot\" class=\"img-responsive wp-image-418 fusion-gallery-image-size-fixed\" srcset=\"https:\/\/proagro.online\/wp-content\/uploads\/2020\/03\/large-pivot-320x202.jpg 320w, https:\/\/proagro.online\/wp-content\/uploads\/2020\/03\/large-pivot-700x441.jpg 700w\" sizes=\"(max-width: 320px) 100vw, 320px\" \/><\/a><\/div><\/div><div style=\"padding:5px;\" class=\"fusion-grid-column fusion-gallery-column fusion-gallery-column-4 hover-type-none\"><div class=\"fusion-gallery-image\"><a href=\"https:\/\/proagro.online\/wp-content\/uploads\/2020\/03\/Zimmatic-1.jpg\" rel=\"noreferrer\" data-rel=\"iLightbox[gallery_image_1]\" class=\"fusion-lightbox\" target=\"_self\"><img decoding=\"async\" src=\"https:\/\/proagro.online\/wp-content\/uploads\/2020\/03\/Zimmatic-1-320x202.jpg\" width=\"320\" height=\"202\" alt=\"\" title=\"Zimmatic-1\" aria-label=\"Zimmatic-1\" class=\"img-responsive wp-image-422 fusion-gallery-image-size-fixed\" srcset=\"https:\/\/proagro.online\/wp-content\/uploads\/2020\/03\/Zimmatic-1-320x202.jpg 320w, https:\/\/proagro.online\/wp-content\/uploads\/2020\/03\/Zimmatic-1-700x441.jpg 700w\" sizes=\"(max-width: 320px) 100vw, 320px\" \/><\/a><\/div><\/div><div class=\"clearfix\"><\/div><\/div><\/div><div class=\"fusion-clearfix\"><\/div><\/div><\/div><div class=\"fusion-layout-column fusion_builder_column fusion-builder-column-2 fusion_builder_column_1_2 1_2 fusion-one-half fusion-column-first\" style=\"--awb-padding-top:5px;--awb-padding-right:5px;--awb-padding-bottom:5px;--awb-padding-left:5px;--awb-bg-color:#27ae60;--awb-bg-color-hover:#27ae60;--awb-bg-size:cover;width:50%;width:calc(50% - ( ( 4% ) * 0.5 ) );margin-right: 4%;\"><div class=\"fusion-column-wrapper fusion-column-has-shadow fusion-flex-column-wrapper-legacy\"><div class=\"fusion-video fusion-youtube fusion-aligncenter\" style=\"--awb-max-width:600px;--awb-max-height:360px;--awb-width:100%;\"><div class=\"video-shortcode\"><div class=\"fluid-width-video-wrapper\" style=\"padding-top:60%;\" ><iframe title=\"YouTube video player 1\" src=\"https:\/\/www.youtube.com\/embed\/oYvJUq0noc0?wmode=transparent&autoplay=0\" width=\"600\" height=\"360\" allowfullscreen allow=\"autoplay; clipboard-write; encrypted-media; gyroscope; picture-in-picture;\"><\/iframe><\/div><\/div><\/div><div class=\"fusion-clearfix\"><\/div><\/div><\/div><div class=\"fusion-layout-column fusion_builder_column fusion-builder-column-3 fusion_builder_column_1_2 1_2 fusion-one-half fusion-column-last\" style=\"--awb-padding-top:5px;--awb-padding-right:5px;--awb-padding-bottom:5px;--awb-padding-left:5px;--awb-bg-color:#27ae60;--awb-bg-color-hover:#27ae60;--awb-bg-size:cover;width:50%;width:calc(50% - ( ( 4% ) * 0.5 ) );\"><div class=\"fusion-column-wrapper fusion-column-has-shadow fusion-flex-column-wrapper-legacy\"><div class=\"fusion-video fusion-youtube fusion-aligncenter\" style=\"--awb-max-width:600px;--awb-max-height:360px;--awb-width:100%;\"><div class=\"video-shortcode\"><div class=\"fluid-width-video-wrapper\" style=\"padding-top:60%;\" ><iframe title=\"YouTube video player 2\" src=\"https:\/\/www.youtube.com\/embed\/WUl-FaAbs9M?wmode=transparent&autoplay=0\" width=\"600\" height=\"360\" allowfullscreen allow=\"autoplay; clipboard-write; encrypted-media; gyroscope; picture-in-picture;\"><\/iframe><\/div><\/div><\/div><div class=\"fusion-clearfix\"><\/div><\/div><\/div><\/div><\/div>\n","protected":false},"excerpt":{"rendered":"","protected":false},"author":2,"featured_media":0,"parent":626,"menu_order":0,"comment_status":"closed","ping_status":"closed","template":"100-width.php","meta":{"om_disable_all_campaigns":false,"_uag_custom_page_level_css":"","_monsterinsights_skip_tracking":false,"_monsterinsights_sitenote_active":false,"_monsterinsights_sitenote_note":"","_monsterinsights_sitenote_category":0,"_uf_show_specific_survey":0,"_uf_disable_surveys":false,"footnotes":""},"class_list":["post-766","page","type-page","status-publish","hentry"],"aioseo_notices":[],"uagb_featured_image_src":{"full":false,"thumbnail":false,"medium":false,"medium_large":false,"large":false,"1536x1536":false,"2048x2048":false,"blog-large":false,"blog-medium":false,"recent-posts":false,"recent-works-thumbnail":false,"fusion-200":false,"fusion-400":false,"fusion-600":false,"fusion-800":false,"fusion-1200":false},"uagb_author_info":{"display_name":"David Malazonia","author_link":"https:\/\/proagro.online\/az\/author\/dm\/"},"uagb_comment_info":0,"uagb_excerpt":null,"_links":{"self":[{"href":"https:\/\/proagro.online\/az\/wp-json\/wp\/v2\/pages\/766","targetHints":{"allow":["GET"]}}],"collection":[{"href":"https:\/\/proagro.online\/az\/wp-json\/wp\/v2\/pages"}],"about":[{"href":"https:\/\/proagro.online\/az\/wp-json\/wp\/v2\/types\/page"}],"author":[{"embeddable":true,"href":"https:\/\/proagro.online\/az\/wp-json\/wp\/v2\/users\/2"}],"replies":[{"embeddable":true,"href":"https:\/\/proagro.online\/az\/wp-json\/wp\/v2\/comments?post=766"}],"version-history":[{"count":2,"href":"https:\/\/proagro.online\/az\/wp-json\/wp\/v2\/pages\/766\/revisions"}],"predecessor-version":[{"id":768,"href":"https:\/\/proagro.online\/az\/wp-json\/wp\/v2\/pages\/766\/revisions\/768"}],"up":[{"embeddable":true,"href":"https:\/\/proagro.online\/az\/wp-json\/wp\/v2\/pages\/626"}],"wp:attachment":[{"href":"https:\/\/proagro.online\/az\/wp-json\/wp\/v2\/media?parent=766"}],"curies":[{"name":"wp","href":"https:\/\/api.w.org\/{rel}","templated":true}]}}