{"id":748,"date":"2020-03-18T19:07:14","date_gmt":"2020-03-18T15:07:14","guid":{"rendered":"https:\/\/proagro.online\/?page_id=748"},"modified":"2020-03-18T19:18:45","modified_gmt":"2020-03-18T15:18:45","slug":"drip","status":"publish","type":"page","link":"https:\/\/proagro.online\/az\/products-and-services\/drip\/","title":{"rendered":"Damlama suvarma sisteml\u0259ri"},"content":{"rendered":"<div class=\"fusion-fullwidth fullwidth-box fusion-builder-row-1 nonhundred-percent-fullwidth non-hundred-percent-height-scrolling\" style=\"--awb-border-radius-top-left:0px;--awb-border-radius-top-right:0px;--awb-border-radius-bottom-right:0px;--awb-border-radius-bottom-left:0px;--awb-flex-wrap:wrap;\" ><div class=\"fusion-builder-row fusion-row\"><div class=\"fusion-layout-column fusion_builder_column fusion-builder-column-0 fusion_builder_column_3_4 3_4 fusion-three-fourth fusion-column-first\" style=\"--awb-bg-size:cover;--awb-margin-bottom:0px;width:74%; margin-right: 4%;\"><div class=\"fusion-column-wrapper fusion-flex-column-wrapper-legacy\"><div class=\"fusion-text fusion-text-1\"><p>Damlama suvarma sistemi, bitki k\u00f6kl\u0259rin\u0259 yava\u015f-yava\u015f su verm\u0259kl\u0259 su v\u0259 g\u00fcbr\u0259y\u0259 q\u0259na\u0259t ed\u0259n mikro suvarma n\u00f6v\u00fcd\u00fcr. Sistemin m\u0259qs\u0259di suyu bitkinin k\u00f6k zonas\u0131na y\u00f6n\u0259ltm\u0259k v\u0259 suyun buxarlanmas\u0131n\u0131n minimuma endirm\u0259kdir.<\/p>\n<p>Proagro \u00f6z m\u00fc\u015ft\u0259ril\u0259rin\u0259 Amerika markas\u0131 olan TORO &#8211; nun damlama suvarma sistemi v\u0259 onun komponentl\u0259rini t\u0259klif edir.<\/p>\n<p>TORO (www.toro.com, www.toro-ag.it) k\u0259nd t\u0259s\u0259rr\u00fcfat\u0131 v\u0259 land\u015faft suvarma sah\u0259sind\u0259 apar\u0131c\u0131 \u015firk\u0259tdir (ba\u011flar, u\u015faq meydan\u00e7alar\u0131, h\u0259y\u0259tyan\u0131 sah\u0259l\u0259r).<\/p>\n<p>TORO damlama borular\u0131, Avropadak\u0131 TORO fabrikl\u0259rind\u0259 Avropa bazar\u0131 \u00fc\u00e7\u00fcn y\u00fcks\u0259k keyfiyy\u0259tli materiallardan haz\u0131rlanm\u0131\u015fd\u0131r.<\/p>\n<p>2016-c\u0131 ild\u0259 TORO yaln\u0131z anti-sifon v\u0259 \u0259ks-ax\u0131n komponentl\u0259ri olan damc\u0131 borular\u0131n\u0131n istehsal\u0131na ke\u00e7di.<\/p>\n<p>Klassik TORO damc\u0131 borular\u0131, 0,1 mm-d\u0259n 1,2 mm-d\u0259k m\u00fcxt\u0259lif divar qal\u0131nl\u0131\u011f\u0131nda, 0,30 litr \/ saatdan 3,8 litr \/ saata d\u0259k su s\u0259rfiyy\u0259ti olmaqla istehsal edilir.<\/p>\n<p>X\u00fcsusi yivli Toro Aquatraxx FC borular\u0131 &#8211; d\u00fcnyada analoqu olmayan t\u0259zyiq kompensasiya olunan qal\u0131n damlama borulard\u0131r.<\/p>\n<p>Bel\u0259 bir universall\u0131q, y\u00fcks\u0259k keyfiyy\u0259t v\u0259 r\u0259qab\u0259tli qiym\u0259tl\u0259r bir \u00e7ox texniki probleml\u0259ri asanl\u0131qla, a\u015fa\u011f\u0131 qiym\u0259t\u0259 h\u0259ll etm\u0259k, layih\u0259l\u0259rimizi bazarda \u0259n r\u0259qab\u0259tli hala g\u0259tirm\u0259k imkanlar\u0131n\u0131 verir.<\/p>\n<p>Bu damlama borular\u0131 dig\u0259r markalardan f\u0259rqli olaraq G\u00fcrc\u00fcstanda 3000 hektardan \u00e7ox \u0259raziy\u0259 layih\u0259l\u0259r zaman\u0131 u\u011furla t\u0259tbiq edilmi\u015fdir.<\/p>\n<p>TORO avtomatik suvarma sisteml\u0259ri d\u00fcnya bazar\u0131nda \u0259n y\u00fcks\u0259k keyfiyy\u0259td\u0259dir. TORO \u00e7il\u0259yicisi, bir t\u0259r\u0259fd\u0259n suvarma zaman\u0131 \u00e7ox estetik g\u00f6r\u00fcm\u0259 qabiliyy\u0259tin\u0259 malikdir, dig\u0259r t\u0259r\u0259fd\u0259n k\u00fcl\u0259y\u0259 daha az h\u0259ssasd\u0131r, v\u0259 bu da \u0259n \u0259sas\u0131 yol hiss\u0259sini deyil, qazonlar\u0131n sulanmas\u0131na s\u0259b\u0259b olur.<\/p>\n<p>Avtomatik \u00e7il\u0259y\u0259cil\u0259rd\u0259 y\u00fcks\u0259k keyfiyy\u0259t v\u0259 texniki h\u0259ll\u0259r yolunu \u00f6z\u00fcnd\u0259 \u0259ks etdir\u0259n TORO avadanl\u0131\u011f\u0131d\u0131r.<\/p>\n<p>\u015eirk\u0259t, iki premium v\u0259 bir ekonomik damlama boru x\u0259ttl\u0259rin\u0259 malikdir v\u0259 bu \u00e7\u0259h\u0259t h\u0259r bir m\u00fc\u015ft\u0259ri \u00fc\u00e7\u00fcn yana\u015fman\u0131 individual etm\u0259kd\u0259dir.<\/p>\n<\/div><div class=\"fusion-clearfix\"><\/div><\/div><\/div><div class=\"fusion-layout-column fusion_builder_column fusion-builder-column-1 fusion_builder_column_1_4 1_4 fusion-one-fourth fusion-column-last\" style=\"--awb-bg-size:cover;width:22%;\"><div class=\"fusion-column-wrapper fusion-column-has-shadow fusion-flex-column-wrapper-legacy\"><div class=\"fusion-sep-clear\"><\/div><div class=\"fusion-separator fusion-full-width-sep\" style=\"margin-left: auto;margin-right: auto;margin-top:10px;margin-bottom:10px;width:100%;\"><div class=\"fusion-separator-border sep-single sep-solid\" style=\"--awb-height:20px;--awb-amount:20px;--awb-sep-color:#f2f2f2;border-color:#f2f2f2;border-top-width:1px;\"><\/div><\/div><div class=\"fusion-sep-clear\"><\/div><div class=\"fusion-image-element fusion-image-align-center in-legacy-container\" style=\"text-align:center;--awb-caption-title-font-family:var(--h2_typography-font-family);--awb-caption-title-font-weight:var(--h2_typography-font-weight);--awb-caption-title-font-style:var(--h2_typography-font-style);--awb-caption-title-size:var(--h2_typography-font-size);--awb-caption-title-transform:var(--h2_typography-text-transform);--awb-caption-title-line-height:var(--h2_typography-line-height);--awb-caption-title-letter-spacing:var(--h2_typography-letter-spacing);\"><div class=\"imageframe-align-center\"><span class=\" fusion-imageframe imageframe-none imageframe-1 hover-type-zoomin\"><a href=\"https:\/\/proagro.online\/wp-content\/uploads\/2020\/03\/drip.jpg\" class=\"fusion-lightbox\" data-rel=\"iLightbox[aa119cc956d3cf6724f]\" data-title=\"drip\" title=\"drip\"><img decoding=\"async\" width=\"792\" height=\"612\" src=\"https:\/\/proagro.online\/wp-content\/uploads\/2020\/03\/drip.jpg\" data-orig-src=\"https:\/\/proagro.online\/wp-content\/uploads\/2020\/03\/drip.jpg\" alt class=\"lazyload img-responsive wp-image-736\" srcset=\"data:image\/svg+xml,%3Csvg%20xmlns%3D%27http%3A%2F%2Fwww.w3.org%2F2000%2Fsvg%27%20width%3D%27792%27%20height%3D%27612%27%20viewBox%3D%270%200%20792%20612%27%3E%3Crect%20width%3D%27792%27%20height%3D%27612%27%20fill-opacity%3D%220%22%2F%3E%3C%2Fsvg%3E\" data-srcset=\"https:\/\/proagro.online\/wp-content\/uploads\/2020\/03\/drip-200x155.jpg 200w, https:\/\/proagro.online\/wp-content\/uploads\/2020\/03\/drip-400x309.jpg 400w, https:\/\/proagro.online\/wp-content\/uploads\/2020\/03\/drip-600x464.jpg 600w, https:\/\/proagro.online\/wp-content\/uploads\/2020\/03\/drip.jpg 792w\" data-sizes=\"auto\" data-orig-sizes=\"(max-width: 800px) 100vw, 400px\" \/><\/a><\/span><\/div><\/div><div class=\"fusion-sep-clear\"><\/div><div class=\"fusion-separator fusion-full-width-sep\" style=\"margin-left: auto;margin-right: auto;margin-top:10px;margin-bottom:10px;width:100%;\"><div class=\"fusion-separator-border sep-single sep-solid\" style=\"--awb-height:20px;--awb-amount:20px;--awb-sep-color:#f2f2f2;border-color:#f2f2f2;border-top-width:1px;\"><\/div><\/div><div class=\"fusion-sep-clear\"><\/div><div class=\"fusion-image-element fusion-image-align-center in-legacy-container\" style=\"text-align:center;--awb-caption-title-font-family:var(--h2_typography-font-family);--awb-caption-title-font-weight:var(--h2_typography-font-weight);--awb-caption-title-font-style:var(--h2_typography-font-style);--awb-caption-title-size:var(--h2_typography-font-size);--awb-caption-title-transform:var(--h2_typography-text-transform);--awb-caption-title-line-height:var(--h2_typography-line-height);--awb-caption-title-letter-spacing:var(--h2_typography-letter-spacing);\"><div class=\"imageframe-align-center\"><span class=\" fusion-imageframe imageframe-none imageframe-2 hover-type-zoomin\"><a href=\"https:\/\/proagro.online\/wp-content\/uploads\/2020\/03\/typical-drip-irrigation-system-1.jpg\" class=\"fusion-lightbox\" data-rel=\"iLightbox[bf953144e9bf04d913d]\" data-title=\"typical-drip-irrigation-system\" title=\"typical-drip-irrigation-system\"><img decoding=\"async\" width=\"1201\" height=\"651\" src=\"https:\/\/proagro.online\/wp-content\/uploads\/2020\/03\/typical-drip-irrigation-system-1.jpg\" data-orig-src=\"https:\/\/proagro.online\/wp-content\/uploads\/2020\/03\/typical-drip-irrigation-system-1.jpg\" alt class=\"lazyload img-responsive wp-image-742\" srcset=\"data:image\/svg+xml,%3Csvg%20xmlns%3D%27http%3A%2F%2Fwww.w3.org%2F2000%2Fsvg%27%20width%3D%271201%27%20height%3D%27651%27%20viewBox%3D%270%200%201201%20651%27%3E%3Crect%20width%3D%271201%27%20height%3D%27651%27%20fill-opacity%3D%220%22%2F%3E%3C%2Fsvg%3E\" data-srcset=\"https:\/\/proagro.online\/wp-content\/uploads\/2020\/03\/typical-drip-irrigation-system-1-200x108.jpg 200w, https:\/\/proagro.online\/wp-content\/uploads\/2020\/03\/typical-drip-irrigation-system-1-400x217.jpg 400w, https:\/\/proagro.online\/wp-content\/uploads\/2020\/03\/typical-drip-irrigation-system-1-600x325.jpg 600w, https:\/\/proagro.online\/wp-content\/uploads\/2020\/03\/typical-drip-irrigation-system-1-800x434.jpg 800w, https:\/\/proagro.online\/wp-content\/uploads\/2020\/03\/typical-drip-irrigation-system-1.jpg 1201w\" data-sizes=\"auto\" data-orig-sizes=\"(max-width: 800px) 100vw, 400px\" \/><\/a><\/span><\/div><\/div><div class=\"fusion-sep-clear\"><\/div><div class=\"fusion-separator fusion-full-width-sep\" style=\"margin-left: auto;margin-right: auto;margin-top:10px;margin-bottom:10px;width:100%;\"><div class=\"fusion-separator-border sep-single sep-solid\" style=\"--awb-height:20px;--awb-amount:20px;--awb-sep-color:#f2f2f2;border-color:#f2f2f2;border-top-width:1px;\"><\/div><\/div><div class=\"fusion-sep-clear\"><\/div><div class=\"fusion-image-element fusion-image-align-center in-legacy-container\" style=\"text-align:center;--awb-caption-title-font-family:var(--h2_typography-font-family);--awb-caption-title-font-weight:var(--h2_typography-font-weight);--awb-caption-title-font-style:var(--h2_typography-font-style);--awb-caption-title-size:var(--h2_typography-font-size);--awb-caption-title-transform:var(--h2_typography-text-transform);--awb-caption-title-line-height:var(--h2_typography-line-height);--awb-caption-title-letter-spacing:var(--h2_typography-letter-spacing);\"><div class=\"imageframe-align-center\"><span class=\" fusion-imageframe imageframe-none imageframe-3 hover-type-zoomin\"><a href=\"https:\/\/proagro.online\/wp-content\/uploads\/2020\/03\/drip-irrigation-emitter-1.jpg\" class=\"fusion-lightbox\" data-rel=\"iLightbox[c7f7e52a4bf86d100a8]\" data-title=\"drip-irrigation-emitter\" title=\"drip-irrigation-emitter\"><img decoding=\"async\" width=\"1478\" height=\"990\" src=\"https:\/\/proagro.online\/wp-content\/uploads\/2020\/03\/drip-irrigation-emitter-1.jpg\" data-orig-src=\"https:\/\/proagro.online\/wp-content\/uploads\/2020\/03\/drip-irrigation-emitter-1.jpg\" alt class=\"lazyload img-responsive wp-image-738\" srcset=\"data:image\/svg+xml,%3Csvg%20xmlns%3D%27http%3A%2F%2Fwww.w3.org%2F2000%2Fsvg%27%20width%3D%271478%27%20height%3D%27990%27%20viewBox%3D%270%200%201478%20990%27%3E%3Crect%20width%3D%271478%27%20height%3D%27990%27%20fill-opacity%3D%220%22%2F%3E%3C%2Fsvg%3E\" data-srcset=\"https:\/\/proagro.online\/wp-content\/uploads\/2020\/03\/drip-irrigation-emitter-1-200x134.jpg 200w, https:\/\/proagro.online\/wp-content\/uploads\/2020\/03\/drip-irrigation-emitter-1-400x268.jpg 400w, https:\/\/proagro.online\/wp-content\/uploads\/2020\/03\/drip-irrigation-emitter-1-600x402.jpg 600w, https:\/\/proagro.online\/wp-content\/uploads\/2020\/03\/drip-irrigation-emitter-1-800x536.jpg 800w, https:\/\/proagro.online\/wp-content\/uploads\/2020\/03\/drip-irrigation-emitter-1-1200x804.jpg 1200w, https:\/\/proagro.online\/wp-content\/uploads\/2020\/03\/drip-irrigation-emitter-1.jpg 1478w\" data-sizes=\"auto\" data-orig-sizes=\"(max-width: 800px) 100vw, 400px\" \/><\/a><\/span><\/div><\/div><div class=\"fusion-sep-clear\"><\/div><div class=\"fusion-separator fusion-full-width-sep\" style=\"margin-left: auto;margin-right: auto;margin-top:10px;margin-bottom:10px;width:100%;\"><div class=\"fusion-separator-border sep-single sep-solid\" style=\"--awb-height:20px;--awb-amount:20px;--awb-sep-color:#f2f2f2;border-color:#f2f2f2;border-top-width:1px;\"><\/div><\/div><div class=\"fusion-sep-clear\"><\/div><div class=\"fusion-image-element fusion-image-align-center in-legacy-container\" style=\"text-align:center;--awb-caption-title-font-family:var(--h2_typography-font-family);--awb-caption-title-font-weight:var(--h2_typography-font-weight);--awb-caption-title-font-style:var(--h2_typography-font-style);--awb-caption-title-size:var(--h2_typography-font-size);--awb-caption-title-transform:var(--h2_typography-text-transform);--awb-caption-title-line-height:var(--h2_typography-line-height);--awb-caption-title-letter-spacing:var(--h2_typography-letter-spacing);\"><div class=\"imageframe-align-center\"><span class=\" fusion-imageframe imageframe-none imageframe-4 hover-type-zoomin\"><a href=\"https:\/\/proagro.online\/wp-content\/uploads\/2020\/02\/TORO.jpg\" class=\"fusion-lightbox\" data-rel=\"iLightbox[cbbc19b6c55c4098dc9]\" data-title=\"TORO\" title=\"TORO\"><img decoding=\"async\" width=\"300\" height=\"150\" src=\"https:\/\/proagro.online\/wp-content\/uploads\/2020\/02\/TORO.jpg\" data-orig-src=\"https:\/\/proagro.online\/wp-content\/uploads\/2020\/02\/TORO.jpg\" alt class=\"lazyload img-responsive wp-image-570\" srcset=\"data:image\/svg+xml,%3Csvg%20xmlns%3D%27http%3A%2F%2Fwww.w3.org%2F2000%2Fsvg%27%20width%3D%27300%27%20height%3D%27150%27%20viewBox%3D%270%200%20300%20150%27%3E%3Crect%20width%3D%27300%27%20height%3D%27150%27%20fill-opacity%3D%220%22%2F%3E%3C%2Fsvg%3E\" data-srcset=\"https:\/\/proagro.online\/wp-content\/uploads\/2020\/02\/TORO-200x100.jpg 200w, https:\/\/proagro.online\/wp-content\/uploads\/2020\/02\/TORO.jpg 300w\" data-sizes=\"auto\" data-orig-sizes=\"(max-width: 800px) 100vw, 300px\" \/><\/a><\/span><\/div><\/div><div class=\"fusion-sep-clear\"><\/div><div class=\"fusion-separator fusion-full-width-sep\" style=\"margin-left: auto;margin-right: auto;margin-top:10px;margin-bottom:10px;width:100%;\"><div class=\"fusion-separator-border sep-single sep-solid\" style=\"--awb-height:20px;--awb-amount:20px;--awb-sep-color:#f2f2f2;border-color:#f2f2f2;border-top-width:1px;\"><\/div><\/div><div class=\"fusion-sep-clear\"><\/div><div class=\"fusion-clearfix\"><\/div><\/div><\/div><div class=\"fusion-layout-column fusion_builder_column fusion-builder-column-2 fusion_builder_column_1_2 1_2 fusion-one-half fusion-column-first\" style=\"--awb-padding-top:5px;--awb-padding-right:5px;--awb-padding-bottom:5px;--awb-padding-left:5px;--awb-bg-color:#27ae60;--awb-bg-color-hover:#27ae60;--awb-bg-size:cover;width:50%;width:calc(50% - ( ( 4% ) * 0.5 ) );margin-right: 4%;\"><div class=\"fusion-column-wrapper fusion-column-has-shadow fusion-flex-column-wrapper-legacy\"><div class=\"fusion-video fusion-youtube fusion-aligncenter\" style=\"--awb-max-width:600px;--awb-max-height:360px;--awb-width:100%;\"><div class=\"video-shortcode\"><div class=\"fluid-width-video-wrapper\" style=\"padding-top:60%;\" ><iframe title=\"YouTube video player 1\" src=\"https:\/\/www.youtube.com\/embed\/Blk5kRLufqc?wmode=transparent&autoplay=0\" width=\"600\" height=\"360\" allowfullscreen allow=\"autoplay; clipboard-write; encrypted-media; gyroscope; picture-in-picture;\"><\/iframe><\/div><\/div><\/div><div class=\"fusion-clearfix\"><\/div><\/div><\/div><div class=\"fusion-layout-column fusion_builder_column fusion-builder-column-3 fusion_builder_column_1_2 1_2 fusion-one-half fusion-column-last\" style=\"--awb-padding-top:5px;--awb-padding-right:5px;--awb-padding-bottom:5px;--awb-padding-left:5px;--awb-bg-color:#27ae60;--awb-bg-color-hover:#27ae60;--awb-bg-size:cover;width:50%;width:calc(50% - ( ( 4% ) * 0.5 ) );\"><div class=\"fusion-column-wrapper fusion-column-has-shadow fusion-flex-column-wrapper-legacy\"><div class=\"fusion-video fusion-youtube fusion-aligncenter\" style=\"--awb-max-width:600px;--awb-max-height:360px;--awb-width:100%;\"><div class=\"video-shortcode\"><div class=\"fluid-width-video-wrapper\" style=\"padding-top:60%;\" ><iframe title=\"YouTube video player 2\" src=\"https:\/\/www.youtube.com\/embed\/R6lETbVScfI?wmode=transparent&autoplay=0\" width=\"600\" height=\"360\" allowfullscreen allow=\"autoplay; clipboard-write; encrypted-media; gyroscope; picture-in-picture;\"><\/iframe><\/div><\/div><\/div><div class=\"fusion-clearfix\"><\/div><\/div><\/div><\/div><\/div>\n","protected":false},"excerpt":{"rendered":"","protected":false},"author":2,"featured_media":0,"parent":626,"menu_order":0,"comment_status":"closed","ping_status":"closed","template":"100-width.php","meta":{"om_disable_all_campaigns":false,"_uag_custom_page_level_css":"","_monsterinsights_skip_tracking":false,"_monsterinsights_sitenote_active":false,"_monsterinsights_sitenote_note":"","_monsterinsights_sitenote_category":0,"_uf_show_specific_survey":0,"_uf_disable_surveys":false,"footnotes":""},"class_list":["post-748","page","type-page","status-publish","hentry"],"aioseo_notices":[],"uagb_featured_image_src":{"full":false,"thumbnail":false,"medium":false,"medium_large":false,"large":false,"1536x1536":false,"2048x2048":false,"blog-large":false,"blog-medium":false,"recent-posts":false,"recent-works-thumbnail":false,"fusion-200":false,"fusion-400":false,"fusion-600":false,"fusion-800":false,"fusion-1200":false},"uagb_author_info":{"display_name":"David Malazonia","author_link":"https:\/\/proagro.online\/az\/author\/dm\/"},"uagb_comment_info":0,"uagb_excerpt":null,"_links":{"self":[{"href":"https:\/\/proagro.online\/az\/wp-json\/wp\/v2\/pages\/748","targetHints":{"allow":["GET"]}}],"collection":[{"href":"https:\/\/proagro.online\/az\/wp-json\/wp\/v2\/pages"}],"about":[{"href":"https:\/\/proagro.online\/az\/wp-json\/wp\/v2\/types\/page"}],"author":[{"embeddable":true,"href":"https:\/\/proagro.online\/az\/wp-json\/wp\/v2\/users\/2"}],"replies":[{"embeddable":true,"href":"https:\/\/proagro.online\/az\/wp-json\/wp\/v2\/comments?post=748"}],"version-history":[{"count":2,"href":"https:\/\/proagro.online\/az\/wp-json\/wp\/v2\/pages\/748\/revisions"}],"predecessor-version":[{"id":770,"href":"https:\/\/proagro.online\/az\/wp-json\/wp\/v2\/pages\/748\/revisions\/770"}],"up":[{"embeddable":true,"href":"https:\/\/proagro.online\/az\/wp-json\/wp\/v2\/pages\/626"}],"wp:attachment":[{"href":"https:\/\/proagro.online\/az\/wp-json\/wp\/v2\/media?parent=748"}],"curies":[{"name":"wp","href":"https:\/\/api.w.org\/{rel}","templated":true}]}}