{"id":725,"date":"2020-03-18T18:49:20","date_gmt":"2020-03-18T14:49:20","guid":{"rendered":"https:\/\/proagro.online\/?page_id=725"},"modified":"2020-03-18T18:53:16","modified_gmt":"2020-03-18T14:53:16","slug":"services","status":"publish","type":"page","link":"https:\/\/proagro.online\/az\/products-and-services\/services\/","title":{"rendered":"Suvarma sisteml\u0259rinin dizayn\u0131 v\u0259 dig\u0259r xidm\u0259tl\u0259r"},"content":{"rendered":"<div class=\"fusion-fullwidth fullwidth-box fusion-builder-row-1 nonhundred-percent-fullwidth non-hundred-percent-height-scrolling\" style=\"--awb-border-radius-top-left:0px;--awb-border-radius-top-right:0px;--awb-border-radius-bottom-right:0px;--awb-border-radius-bottom-left:0px;--awb-flex-wrap:wrap;\" ><div class=\"fusion-builder-row fusion-row\"><div class=\"fusion-layout-column fusion_builder_column fusion-builder-column-0 fusion_builder_column_1_1 1_1 fusion-one-full fusion-column-first fusion-column-last\" style=\"--awb-bg-size:cover;--awb-margin-bottom:0px;\"><div class=\"fusion-column-wrapper fusion-flex-column-wrapper-legacy\"><div class=\"fusion-text fusion-text-1\"><p>Proagro m\u00fcxt\u0259lif xidm\u0259tl\u0259r t\u0259klif edir:<\/p>\n<\/div><ul style=\"--awb-line-height:27.2px;--awb-icon-width:27.2px;--awb-icon-height:27.2px;--awb-icon-margin:11.2px;--awb-content-margin:38.4px;\" class=\"fusion-checklist fusion-checklist-1 fusion-checklist-default type-icons\"><li class=\"fusion-li-item\" style=\"\"><span class=\"icon-wrapper circle-no\"><i class=\"fusion-li-icon fa-square far\" aria-hidden=\"true\"><\/i><\/span><div class=\"fusion-li-item-content\">\n<p>Suvarma v\u0259 g\u00fcbr\u0259l\u0259m\u0259 sah\u0259l\u0259ri \u00fczr\u0259 t\u00f6vsiy\u0259l\u0259r. Buna, suvarma normas\u0131n\u0131n m\u00fc\u0259yy\u0259nl\u0259\u015fdirilm\u0259si, torpaq analizinin apar\u0131lmas\u0131, g\u00fcbr\u0259l\u0259m\u0259 \u00fc\u00e7\u00fcn avadanl\u0131q se\u00e7ilm\u0259si, dizayn\u0131, bitki qidalanmas\u0131n\u0131n monitorinqi daxildir.<\/p>\n<\/div><\/li><li class=\"fusion-li-item\" style=\"\"><span class=\"icon-wrapper circle-no\"><i class=\"fusion-li-icon fa-square far\" aria-hidden=\"true\"><\/i><\/span><div class=\"fusion-li-item-content\">\n<p>Suvarma m\u00fch\u0259ndisliyi layih\u0259sinin haz\u0131rlanmas\u0131, v\u0259 h\u0259min layih\u0259y\u0259 daxil olan topoqrafik t\u0259dqiqatlar\u0131n v\u0259 \u00e7\u0259kili\u015fl\u0259r\u0131n, sal\u0131nacaq ba\u011f\u0131n planla\u015fd\u0131rmas\u0131 (s\u0131ralar, yollar, d\u00f6ng\u0259l\u0259r v\u0259 s.) v\u0259 h\u0259m\u00e7inin eyni zamanda pula q\u0259na\u0259t etm\u0259k \u00fc\u00e7\u00fcn optimalla\u015fd\u0131r\u0131lm\u0131\u015f bir hidravlik suvarma layih\u0259sinin haz\u0131rlanmas\u0131.<\/p>\n<\/div><\/li><li class=\"fusion-li-item\" style=\"\"><span class=\"icon-wrapper circle-no\"><i class=\"fusion-li-icon fa-square far\" aria-hidden=\"true\"><\/i><\/span><div class=\"fusion-li-item-content\">\n<p>Pivot suvarma sisteml\u0259rinin dizayn layih\u0259sinin haz\u0131rlanmas\u0131.<\/p>\n<\/div><\/li><li class=\"fusion-li-item\" style=\"\"><span class=\"icon-wrapper circle-no\"><i class=\"fusion-li-icon fa-square far\" aria-hidden=\"true\"><\/i><\/span><div class=\"fusion-li-item-content\">\n<p>Tam su t\u0259chizat\u0131n\u0131n dizayn\u0131 layih\u0259sinin haz\u0131rlanmas\u0131.<\/p>\n<\/div><\/li><li class=\"fusion-li-item\" style=\"\"><span class=\"icon-wrapper circle-no\"><i class=\"fusion-li-icon fa-square far\" aria-hidden=\"true\"><\/i><\/span><div class=\"fusion-li-item-content\">\n<p>Avtomatla\u015fd\u0131rma v\u0259 uzaqdan idar\u0259etm\u0259 sisteml\u0259rinin dizayn\u0131, t\u0259chizat\u0131 v\u0259 qura\u015fd\u0131r\u0131lmas\u0131. Bu sisteml\u0259r torpa\u011f\u0131n n\u0259mlik \u00f6l\u00e7\u0259n sensorlar\u0131 v\u0259 dig\u0259r sensorlar, el\u0259c\u0259 d\u0259 iqlim stansiyalar\u0131 il\u0259 t\u0259chiz edilmi\u015fdir.<\/p>\n<\/div><\/li><li class=\"fusion-li-item\" style=\"\"><span class=\"icon-wrapper circle-no\"><i class=\"fusion-li-icon fa-square far\" aria-hidden=\"true\"><\/i><\/span><div class=\"fusion-li-item-content\">\n<p>Haz\u0131rlanm\u0131\u015f sisteml\u0259r \u00fc\u00e7\u00fcn material v\u0259 avadanl\u0131qlar\u0131n se\u00e7imi v\u0259 m\u00f6vc\u00fcd dizayn\u0131n qiym\u0259tl\u0259ndirm\u0259si.<\/p>\n<\/div><\/li><li class=\"fusion-li-item\" style=\"\"><span class=\"icon-wrapper circle-no\"><i class=\"fusion-li-icon fa-square far\" aria-hidden=\"true\"><\/i><\/span><div class=\"fusion-li-item-content\">\n<p>Mal &#8211; materiallar\u0131n t\u0259dar\u00fck\u00fc.<\/p>\n<\/div><\/li><li class=\"fusion-li-item\" style=\"\"><span class=\"icon-wrapper circle-no\"><i class=\"fusion-li-icon fa-square far\" aria-hidden=\"true\"><\/i><\/span><div class=\"fusion-li-item-content\">\n<p>Suvarma v\u0259 g\u00fcbr\u0259l\u0259m\u0259 sisteml\u0259rinin tam v\u0259 ya qism\u0259n qura\u015fd\u0131r\u0131lmas\u0131.<\/p>\n<\/div><\/li><li class=\"fusion-li-item\" style=\"\"><span class=\"icon-wrapper circle-no\"><i class=\"fusion-li-icon fa-square far\" aria-hidden=\"true\"><\/i><\/span><div class=\"fusion-li-item-content\">\n<p>Torpaq analizl\u0259rin lisenziyal\u0131 Avropa laboratoriyas\u0131nda h\u0259yata ke\u00e7irilm\u0259si.<\/p>\n<\/div><\/li><li class=\"fusion-li-item\" style=\"\"><span class=\"icon-wrapper circle-no\"><i class=\"fusion-li-icon fa-square far\" aria-hidden=\"true\"><\/i><\/span><div class=\"fusion-li-item-content\">\n<p>Bitki qidalanmas\u0131n\u0131n monitorinqi.<\/p>\n<\/div><\/li><\/ul><div class=\"fusion-clearfix\"><\/div><\/div><\/div><\/div><\/div>\n","protected":false},"excerpt":{"rendered":"","protected":false},"author":2,"featured_media":0,"parent":626,"menu_order":0,"comment_status":"closed","ping_status":"closed","template":"100-width.php","meta":{"om_disable_all_campaigns":false,"_uag_custom_page_level_css":"","_monsterinsights_skip_tracking":false,"_monsterinsights_sitenote_active":false,"_monsterinsights_sitenote_note":"","_monsterinsights_sitenote_category":0,"_uf_show_specific_survey":0,"_uf_disable_surveys":false,"footnotes":""},"class_list":["post-725","page","type-page","status-publish","hentry"],"aioseo_notices":[],"uagb_featured_image_src":{"full":false,"thumbnail":false,"medium":false,"medium_large":false,"large":false,"1536x1536":false,"2048x2048":false,"blog-large":false,"blog-medium":false,"recent-posts":false,"recent-works-thumbnail":false,"fusion-200":false,"fusion-400":false,"fusion-600":false,"fusion-800":false,"fusion-1200":false},"uagb_author_info":{"display_name":"David Malazonia","author_link":"https:\/\/proagro.online\/az\/author\/dm\/"},"uagb_comment_info":0,"uagb_excerpt":null,"_links":{"self":[{"href":"https:\/\/proagro.online\/az\/wp-json\/wp\/v2\/pages\/725","targetHints":{"allow":["GET"]}}],"collection":[{"href":"https:\/\/proagro.online\/az\/wp-json\/wp\/v2\/pages"}],"about":[{"href":"https:\/\/proagro.online\/az\/wp-json\/wp\/v2\/types\/page"}],"author":[{"embeddable":true,"href":"https:\/\/proagro.online\/az\/wp-json\/wp\/v2\/users\/2"}],"replies":[{"embeddable":true,"href":"https:\/\/proagro.online\/az\/wp-json\/wp\/v2\/comments?post=725"}],"version-history":[{"count":2,"href":"https:\/\/proagro.online\/az\/wp-json\/wp\/v2\/pages\/725\/revisions"}],"predecessor-version":[{"id":728,"href":"https:\/\/proagro.online\/az\/wp-json\/wp\/v2\/pages\/725\/revisions\/728"}],"up":[{"embeddable":true,"href":"https:\/\/proagro.online\/az\/wp-json\/wp\/v2\/pages\/626"}],"wp:attachment":[{"href":"https:\/\/proagro.online\/az\/wp-json\/wp\/v2\/media?parent=725"}],"curies":[{"name":"wp","href":"https:\/\/api.w.org\/{rel}","templated":true}]}}