{"id":548,"date":"2020-03-18T16:01:38","date_gmt":"2020-03-18T12:01:38","guid":{"rendered":"https:\/\/proagro.online\/?page_id=548"},"modified":"2020-03-18T20:48:51","modified_gmt":"2020-03-18T16:48:51","slug":"main-page","status":"publish","type":"page","link":"https:\/\/proagro.online\/az\/","title":{"rendered":"Main Page"},"content":{"rendered":"<p><div class=\"fusion-fullwidth fullwidth-box fusion-builder-row-1 nonhundred-percent-fullwidth non-hundred-percent-height-scrolling\" style=\"--awb-border-radius-top-left:0px;--awb-border-radius-top-right:0px;--awb-border-radius-bottom-right:0px;--awb-border-radius-bottom-left:0px;--awb-padding-top:80px;--awb-padding-bottom:80px;--awb-flex-wrap:wrap;\" ><div class=\"fusion-builder-row fusion-row\"><div class=\"fusion-layout-column fusion_builder_column fusion-builder-column-0 fusion_builder_column_1_1 1_1 fusion-one-full fusion-column-first fusion-column-last\" style=\"--awb-bg-size:cover;\"><div class=\"fusion-column-wrapper fusion-column-has-shadow fusion-flex-column-wrapper-legacy\"><div class=\"fusion-title title fusion-title-1 fusion-sep-none fusion-title-center fusion-title-text fusion-title-size-two\" style=\"--awb-text-color:#27ae60;--awb-margin-bottom:30px;\"><h2 class=\"fusion-title-heading title-heading-center\" style=\"margin:0;\">bizim haqq\u0131m\u0131zda<\/h2><\/div><div class=\"fusion-text fusion-text-1\"><p>Proagro MMC 2008-ci ild\u0259n etibar\u0259n G\u00fcrc\u00fcstan v\u0259 Az\u0259rbaycanda aqrobiznes sah\u0259sind\u0259 \u00e7al\u0131\u015f\u0131r.\u00a0 Hal haz\u0131rda suvarma, avtomatla\u015fd\u0131rma v\u0259 g\u00fcbr\u0259l\u0259nm\u0259 sisteml\u0259rinin \u0259n b\u00f6y\u00fck t\u0259chizat\u00e7\u0131s\u0131d\u0131r.<br \/>\n\u015eirk\u0259tin \u0259sas m\u00fcv\u0259ff\u0259qiyy\u0259t faktorlar:<\/p>\n<\/div><ul style=\"--awb-line-height:27.2px;--awb-icon-width:27.2px;--awb-icon-height:27.2px;--awb-icon-margin:11.2px;--awb-content-margin:38.4px;\" class=\"fusion-checklist fusion-checklist-1 fusion-checklist-default type-icons\"><li class=\"fusion-li-item\" style=\"\"><span class=\"icon-wrapper circle-no\"><i class=\"fusion-li-icon fa-leaf fas\" aria-hidden=\"true\"><\/i><\/span><div class=\"fusion-li-item-content\">\n<p>Geni\u015f t\u0259cr\u00fcb\u0259, y\u00fcks\u0259k idar\u0259etm\u0259 standartlar\u0131 v\u0259 d\u00fczg\u00fcn q\u0259rar q\u0259bul etm\u0259k bacar\u0131\u011f\u0131.<\/p>\n<\/div><\/li><li class=\"fusion-li-item\" style=\"\"><span class=\"icon-wrapper circle-no\"><i class=\"fusion-li-icon fa-leaf fas\" aria-hidden=\"true\"><\/i><\/span><div class=\"fusion-li-item-content\">\n<p>Y\u00fcks\u0259k keyfiyy\u0259tli m\u0259hsullar. Proagro MMC Lindsay, Toro v\u0259 Senninger Amerika \u015firk\u0259tl\u0259rinin G\u00fcrc\u00fcstan v\u0259 Az\u0259rbaycan \u0259razisind\u0259 ekskl\u00fcziv sat\u0131c\u0131s\u0131d\u0131r.<\/p>\n<\/div><\/li><li class=\"fusion-li-item\" style=\"\"><span class=\"icon-wrapper circle-no\"><i class=\"fusion-li-icon fa-leaf fas\" aria-hidden=\"true\"><\/i><\/span><div class=\"fusion-li-item-content\">\n<p>Y\u00fcks\u0259k s\u0259viyy\u0259li suvarma layih\u0259l\u0259ri haz\u0131rlanmas\u0131 v\u0259 sonra onlar\u0131 h\u0259yata ke\u00e7irm\u0259k \u00fc\u00e7\u00fcn y\u00fcks\u0259k ixtisasl\u0131 m\u00fch\u0259ndis kadrlardan ibar\u0259t olan resurslar\u0131n m\u00f6vcudlu\u011fu.<\/p>\n<\/div><\/li><li class=\"fusion-li-item\" style=\"\"><span class=\"icon-wrapper circle-no\"><i class=\"fusion-li-icon fa-leaf fas\" aria-hidden=\"true\"><\/i><\/span><div class=\"fusion-li-item-content\">\n<p>Avropa Laboratoriya v\u0259 K\u0259nd T\u0259s\u0259rr\u00fcfat\u0131 M\u00fct\u0259x\u0259ssisl\u0259ri (AGQ Labs) il\u0259 m\u0259hsuldar \u0259m\u0259kda\u015fl\u0131q.<\/p>\n<\/div><\/li><\/ul><div class=\"fusion-sep-clear\"><\/div><div class=\"fusion-separator fusion-full-width-sep\" style=\"margin-left: auto;margin-right: auto;margin-top:20px;width:100%;\"><\/div><div class=\"fusion-sep-clear\"><\/div><div class=\"fusion-text fusion-text-2\"><p>N\u0259tic\u0259d\u0259, Proagro MMC t\u0259r\u0259find\u0259n haz\u0131rlanan v\u0259 h\u0259yata ke\u00e7iril\u0259n layih\u0259l\u0259r konkret bitkil\u0259rin m\u00fc\u0259yy\u0259n olunmu\u015f iqlim \u015f\u0259raitind\u0259 suya olan t\u0259l\u0259bl\u0259r\u0259 tam uy\u011fun g\u0259lir.<\/p>\n<\/div><div class=\"fusion-button-wrapper\"><a class=\"fusion-button button-flat fusion-button-default-size button-default fusion-button-default button-1 fusion-button-default-span fusion-button-default-type\" target=\"_self\" href=\"\/az\/about-us\/\"><span class=\"fusion-button-text awb-button__text awb-button__text--default\">\u018ftrafl\u0131 m\u0259lumat<\/span><\/a><\/div><div class=\"fusion-clearfix\"><\/div><\/div><\/div><\/div><\/div><div class=\"fusion-fullwidth fullwidth-box fusion-builder-row-2 nonhundred-percent-fullwidth non-hundred-percent-height-scrolling\" style=\"--awb-border-radius-top-left:0px;--awb-border-radius-top-right:0px;--awb-border-radius-bottom-right:0px;--awb-border-radius-bottom-left:0px;--awb-padding-top:80px;--awb-padding-bottom:80px;--awb-background-color:#27ae60;--awb-flex-wrap:wrap;\" ><div class=\"fusion-builder-row fusion-row\"><div class=\"fusion-layout-column fusion_builder_column fusion-builder-column-1 fusion_builder_column_1_1 1_1 fusion-one-full fusion-column-first fusion-column-last\" style=\"--awb-bg-size:cover;\"><div class=\"fusion-column-wrapper fusion-column-has-shadow fusion-flex-column-wrapper-legacy\"><div class=\"fusion-title title fusion-title-2 fusion-sep-none fusion-title-center fusion-title-text fusion-title-size-two\" style=\"--awb-text-color:#ffffff;--awb-margin-bottom:30px;\"><h2 class=\"fusion-title-heading title-heading-center\" style=\"margin:0;\">M\u0259hsul v\u0259 xidm\u0259tl\u0259r<\/h2><\/div><div class=\"fusion-clearfix\"><\/div><\/div><\/div><div class=\"fusion-layout-column fusion_builder_column fusion-builder-column-2 fusion_builder_column_1_3 1_3 fusion-one-third fusion-column-first fusion-column-inner-bg-wrapper agro-box\" style=\"--awb-padding-top:20px;--awb-inner-bg-size:cover;width:33.333333333333%;width:calc(33.333333333333% - ( ( 4% + 4% ) * 0.33333333333333 ) );margin-right: 4%;\"><span class=\"fusion-column-inner-bg hover-type-none\"><a class=\"fusion-column-anchor\" href=\"\/az\/products-and-services\/drip\/\"><span class=\"fusion-column-inner-bg-image\"><\/span><\/a><\/span><div class=\"fusion-column-wrapper fusion-column-has-shadow fusion-flex-column-wrapper-legacy\"><div class=\"fusion-image-element fusion-image-align-center in-legacy-container\" style=\"text-align:center;--awb-max-width:93px;--awb-caption-title-font-family:var(--h2_typography-font-family);--awb-caption-title-font-weight:var(--h2_typography-font-weight);--awb-caption-title-font-style:var(--h2_typography-font-style);--awb-caption-title-size:var(--h2_typography-font-size);--awb-caption-title-transform:var(--h2_typography-text-transform);--awb-caption-title-line-height:var(--h2_typography-line-height);--awb-caption-title-letter-spacing:var(--h2_typography-letter-spacing);\"><div class=\"imageframe-align-center\"><span class=\" fusion-imageframe imageframe-none imageframe-1 hover-type-none\"><img decoding=\"async\" width=\"93\" height=\"91\" title=\"pathfinder-1\" src=\"data:image\/svg+xml,%3Csvg%20xmlns%3D%27http%3A%2F%2Fwww.w3.org%2F2000%2Fsvg%27%20width%3D%2793%27%20height%3D%2791%27%20viewBox%3D%270%200%2093%2091%27%3E%3Crect%20width%3D%2793%27%20height%3D%2791%27%20fill-opacity%3D%220%22%2F%3E%3C%2Fsvg%3E\" data-orig-src=\"https:\/\/proagro.online\/wp-content\/uploads\/2020\/02\/pathfinder-1-1.png\" alt class=\"lazyload img-responsive wp-image-576\"\/><\/span><\/div><\/div><div class=\"fusion-title title fusion-title-3 fusion-sep-none fusion-title-center fusion-title-text fusion-title-size-four\" style=\"--awb-text-color:#ffffff;--awb-margin-top:30px;\"><h4 class=\"fusion-title-heading title-heading-center\" style=\"margin:0;\">Damlama suvarma sisteml\u0259ri<\/h4><\/div><div class=\"fusion-text fusion-text-3 agro-font16 agro-fcolor\"><p style=\"text-align: center;\">Damla suvarma sisteml\u0259ri &#8211; \u00dcz\u00fcm v\u0259 meyv\u0259 ba\u011flar\u0131n\u0131z \u00fc\u00e7\u00fcn<\/p>\n<\/div><div class=\"fusion-clearfix\"><\/div><\/div><\/div><div class=\"fusion-layout-column fusion_builder_column fusion-builder-column-3 fusion_builder_column_1_3 1_3 fusion-one-third fusion-column-inner-bg-wrapper agro-box\" style=\"--awb-padding-top:20px;--awb-inner-bg-size:cover;width:33.333333333333%;width:calc(33.333333333333% - ( ( 4% + 4% ) * 0.33333333333333 ) );margin-right: 4%;\"><span class=\"fusion-column-inner-bg hover-type-none\"><a class=\"fusion-column-anchor\" href=\"\/az\/products-and-services\/pivot\/\"><span class=\"fusion-column-inner-bg-image\"><\/span><\/a><\/span><div class=\"fusion-column-wrapper fusion-column-has-shadow fusion-flex-column-wrapper-legacy\"><div class=\"fusion-image-element fusion-image-align-center in-legacy-container\" style=\"text-align:center;--awb-max-width:92px;--awb-caption-title-font-family:var(--h2_typography-font-family);--awb-caption-title-font-weight:var(--h2_typography-font-weight);--awb-caption-title-font-style:var(--h2_typography-font-style);--awb-caption-title-size:var(--h2_typography-font-size);--awb-caption-title-transform:var(--h2_typography-text-transform);--awb-caption-title-line-height:var(--h2_typography-line-height);--awb-caption-title-letter-spacing:var(--h2_typography-letter-spacing);\"><div class=\"imageframe-align-center\"><span class=\" fusion-imageframe imageframe-none imageframe-2 hover-type-none\"><img decoding=\"async\" width=\"92\" height=\"91\" title=\"pivot-2\" src=\"data:image\/svg+xml,%3Csvg%20xmlns%3D%27http%3A%2F%2Fwww.w3.org%2F2000%2Fsvg%27%20width%3D%2792%27%20height%3D%2791%27%20viewBox%3D%270%200%2092%2091%27%3E%3Crect%20width%3D%2792%27%20height%3D%2791%27%20fill-opacity%3D%220%22%2F%3E%3C%2Fsvg%3E\" data-orig-src=\"https:\/\/proagro.online\/wp-content\/uploads\/2020\/02\/pivot-2-1.png\" alt class=\"lazyload img-responsive wp-image-575\"\/><\/span><\/div><\/div><div class=\"fusion-title title fusion-title-4 fusion-sep-none fusion-title-center fusion-title-text fusion-title-size-four\" style=\"--awb-text-color:#ffffff;--awb-margin-top:30px;\"><h4 class=\"fusion-title-heading title-heading-center\" style=\"margin:0;\">Pivot Suvarma Sisteml\u0259ri<\/h4><\/div><div class=\"fusion-text fusion-text-4 agro-font16 agro-fcolor\"><p style=\"text-align: center;\">Pivot suvarma sisteml\u0259ri &#8211; Daha \u00e7ox m\u0259hsul, daha az x\u0259rc<\/p>\n<\/div><div class=\"fusion-clearfix\"><\/div><\/div><\/div><div class=\"fusion-layout-column fusion_builder_column fusion-builder-column-4 fusion_builder_column_1_3 1_3 fusion-one-third fusion-column-last fusion-column-inner-bg-wrapper agro-box\" style=\"--awb-padding-top:20px;--awb-inner-bg-size:cover;width:33.333333333333%;width:calc(33.333333333333% - ( ( 4% + 4% ) * 0.33333333333333 ) );\"><span class=\"fusion-column-inner-bg hover-type-none\"><a class=\"fusion-column-anchor\" href=\"\/az\/products-and-services\/sprinkler\/\"><span class=\"fusion-column-inner-bg-image\"><\/span><\/a><\/span><div class=\"fusion-column-wrapper fusion-column-has-shadow fusion-flex-column-wrapper-legacy\"><div class=\"fusion-image-element fusion-image-align-center in-legacy-container\" style=\"text-align:center;--awb-max-width:92px;--awb-caption-title-font-family:var(--h2_typography-font-family);--awb-caption-title-font-weight:var(--h2_typography-font-weight);--awb-caption-title-font-style:var(--h2_typography-font-style);--awb-caption-title-size:var(--h2_typography-font-size);--awb-caption-title-transform:var(--h2_typography-text-transform);--awb-caption-title-line-height:var(--h2_typography-line-height);--awb-caption-title-letter-spacing:var(--h2_typography-letter-spacing);\"><div class=\"imageframe-align-center\"><span class=\" fusion-imageframe imageframe-none imageframe-3 hover-type-none\"><img decoding=\"async\" width=\"92\" height=\"91\" title=\"sprinklers-3\" src=\"data:image\/svg+xml,%3Csvg%20xmlns%3D%27http%3A%2F%2Fwww.w3.org%2F2000%2Fsvg%27%20width%3D%2792%27%20height%3D%2791%27%20viewBox%3D%270%200%2092%2091%27%3E%3Crect%20width%3D%2792%27%20height%3D%2791%27%20fill-opacity%3D%220%22%2F%3E%3C%2Fsvg%3E\" data-orig-src=\"https:\/\/proagro.online\/wp-content\/uploads\/2020\/02\/sprinklers-3-1.png\" alt class=\"lazyload img-responsive wp-image-574\"\/><\/span><\/div><\/div><div class=\"fusion-title title fusion-title-5 fusion-sep-none fusion-title-center fusion-title-text fusion-title-size-four\" style=\"--awb-text-color:#ffffff;--awb-margin-top:30px;\"><h4 class=\"fusion-title-heading title-heading-center\" style=\"margin:0;\">Su \u00e7il\u0259yici mexanizml\u0259r<\/h4><\/div><div class=\"fusion-text fusion-text-5 agro-font16 agro-fcolor\"><p style=\"text-align: center;\">\u00c7il\u0259m\u0259 mexanizml\u0259ri t\u0259min edir &#8211; Bahar \u015faxtas\u0131na qar\u015f\u0131 \u0259n yax\u015f\u0131 qorunman\u0131<\/p>\n<\/div><div class=\"fusion-clearfix\"><\/div><\/div><\/div><\/div><\/div><div class=\"fusion-fullwidth fullwidth-box fusion-builder-row-3 hundred-percent-fullwidth non-hundred-percent-height-scrolling\" style=\"--awb-border-radius-top-left:0px;--awb-border-radius-top-right:0px;--awb-border-radius-bottom-right:0px;--awb-border-radius-bottom-left:0px;--awb-padding-top:40px;--awb-flex-wrap:wrap;\" ><div class=\"fusion-builder-row fusion-row\"><div class=\"fusion-layout-column fusion_builder_column fusion-builder-column-5 fusion_builder_column_1_1 1_1 fusion-one-full fusion-column-first fusion-column-last fusion-animated\" style=\"--awb-bg-size:cover;\" data-animationType=\"fadeInLeft\" data-animationDuration=\"0.3\" data-animationOffset=\"top-into-view\"><div class=\"fusion-column-wrapper fusion-column-has-shadow fusion-flex-column-wrapper-legacy\"><div class=\"fusion-image-carousel fusion-image-carousel-fixed fusion-image-carousel-1\"><div class=\"awb-carousel awb-swiper awb-swiper-carousel awb-carousel--carousel awb-swiper-dots-position-bottom\" data-layout=\"carousel\" data-autoplay=\"yes\" data-autoplayspeed=\"2500\" data-autoplaypause=\"no\" data-columns=\"6\" data-columnsmedium=\"1\" data-columnssmall=\"1\" data-itemmargin=\"20\" data-itemwidth=\"180\" data-touchscroll=\"no\" data-freemode=\"no\" data-imagesize=\"fixed\" data-scrollitems=\"0\" data-centeredslides=\"no\" data-rotationangle=\"50\" data-depth=\"100\" data-speed=\"500\" data-shadow=\"no\" data-pagination=\"bullets\" style=\"--awb-columns:6;--awb-column-spacing:20px;\"><div class=\"swiper-wrapper awb-image-carousel-wrapper fusion-flex-align-items-center\"><div class=\"swiper-slide\"><div class=\"fusion-carousel-item-wrapper\"><div class=\"fusion-image-wrapper hover-type-none\"><img decoding=\"async\" width=\"300\" height=\"150\" src=\"https:\/\/proagro.online\/wp-content\/uploads\/2020\/02\/AGQ-Labs.jpg\" class=\"attachment-blog-medium size-blog-medium lazyload\" alt=\"\" srcset=\"data:image\/svg+xml,%3Csvg%20xmlns%3D%27http%3A%2F%2Fwww.w3.org%2F2000%2Fsvg%27%20width%3D%27300%27%20height%3D%27150%27%20viewBox%3D%270%200%20300%20150%27%3E%3Crect%20width%3D%27300%27%20height%3D%27150%27%20fill-opacity%3D%220%22%2F%3E%3C%2Fsvg%3E\" data-orig-src=\"https:\/\/proagro.online\/wp-content\/uploads\/2020\/02\/AGQ-Labs.jpg\" data-srcset=\"https:\/\/proagro.online\/wp-content\/uploads\/2020\/02\/AGQ-Labs-200x100.jpg 200w, https:\/\/proagro.online\/wp-content\/uploads\/2020\/02\/AGQ-Labs.jpg 300w\" data-sizes=\"auto\" \/><\/div><\/div><\/div><div class=\"swiper-slide\"><div class=\"fusion-carousel-item-wrapper\"><div class=\"fusion-image-wrapper hover-type-none\"><img decoding=\"async\" width=\"300\" height=\"150\" src=\"https:\/\/proagro.online\/wp-content\/uploads\/2020\/02\/Egeplast.jpg\" class=\"attachment-blog-medium size-blog-medium lazyload\" alt=\"\" srcset=\"data:image\/svg+xml,%3Csvg%20xmlns%3D%27http%3A%2F%2Fwww.w3.org%2F2000%2Fsvg%27%20width%3D%27300%27%20height%3D%27150%27%20viewBox%3D%270%200%20300%20150%27%3E%3Crect%20width%3D%27300%27%20height%3D%27150%27%20fill-opacity%3D%220%22%2F%3E%3C%2Fsvg%3E\" data-orig-src=\"https:\/\/proagro.online\/wp-content\/uploads\/2020\/02\/Egeplast.jpg\" data-srcset=\"https:\/\/proagro.online\/wp-content\/uploads\/2020\/02\/Egeplast-200x100.jpg 200w, https:\/\/proagro.online\/wp-content\/uploads\/2020\/02\/Egeplast.jpg 300w\" data-sizes=\"auto\" \/><\/div><\/div><\/div><div class=\"swiper-slide\"><div class=\"fusion-carousel-item-wrapper\"><div class=\"fusion-image-wrapper hover-type-none\"><img decoding=\"async\" width=\"300\" height=\"150\" src=\"https:\/\/proagro.online\/wp-content\/uploads\/2020\/02\/Lindsay.jpg\" class=\"attachment-blog-medium size-blog-medium lazyload\" alt=\"\" srcset=\"data:image\/svg+xml,%3Csvg%20xmlns%3D%27http%3A%2F%2Fwww.w3.org%2F2000%2Fsvg%27%20width%3D%27300%27%20height%3D%27150%27%20viewBox%3D%270%200%20300%20150%27%3E%3Crect%20width%3D%27300%27%20height%3D%27150%27%20fill-opacity%3D%220%22%2F%3E%3C%2Fsvg%3E\" data-orig-src=\"https:\/\/proagro.online\/wp-content\/uploads\/2020\/02\/Lindsay.jpg\" data-srcset=\"https:\/\/proagro.online\/wp-content\/uploads\/2020\/02\/Lindsay-200x100.jpg 200w, https:\/\/proagro.online\/wp-content\/uploads\/2020\/02\/Lindsay.jpg 300w\" data-sizes=\"auto\" \/><\/div><\/div><\/div><div class=\"swiper-slide\"><div class=\"fusion-carousel-item-wrapper\"><div class=\"fusion-image-wrapper hover-type-none\"><img decoding=\"async\" width=\"300\" height=\"150\" src=\"https:\/\/proagro.online\/wp-content\/uploads\/2020\/02\/Mazzei.jpg\" class=\"attachment-blog-medium size-blog-medium lazyload\" alt=\"\" srcset=\"data:image\/svg+xml,%3Csvg%20xmlns%3D%27http%3A%2F%2Fwww.w3.org%2F2000%2Fsvg%27%20width%3D%27300%27%20height%3D%27150%27%20viewBox%3D%270%200%20300%20150%27%3E%3Crect%20width%3D%27300%27%20height%3D%27150%27%20fill-opacity%3D%220%22%2F%3E%3C%2Fsvg%3E\" data-orig-src=\"https:\/\/proagro.online\/wp-content\/uploads\/2020\/02\/Mazzei.jpg\" data-srcset=\"https:\/\/proagro.online\/wp-content\/uploads\/2020\/02\/Mazzei-200x100.jpg 200w, https:\/\/proagro.online\/wp-content\/uploads\/2020\/02\/Mazzei.jpg 300w\" data-sizes=\"auto\" \/><\/div><\/div><\/div><div class=\"swiper-slide\"><div class=\"fusion-carousel-item-wrapper\"><div class=\"fusion-image-wrapper hover-type-none\"><img decoding=\"async\" width=\"300\" height=\"150\" src=\"https:\/\/proagro.online\/wp-content\/uploads\/2020\/02\/Progres.jpg\" class=\"attachment-blog-medium size-blog-medium lazyload\" alt=\"\" srcset=\"data:image\/svg+xml,%3Csvg%20xmlns%3D%27http%3A%2F%2Fwww.w3.org%2F2000%2Fsvg%27%20width%3D%27300%27%20height%3D%27150%27%20viewBox%3D%270%200%20300%20150%27%3E%3Crect%20width%3D%27300%27%20height%3D%27150%27%20fill-opacity%3D%220%22%2F%3E%3C%2Fsvg%3E\" data-orig-src=\"https:\/\/proagro.online\/wp-content\/uploads\/2020\/02\/Progres.jpg\" data-srcset=\"https:\/\/proagro.online\/wp-content\/uploads\/2020\/02\/Progres-200x100.jpg 200w, https:\/\/proagro.online\/wp-content\/uploads\/2020\/02\/Progres.jpg 300w\" data-sizes=\"auto\" \/><\/div><\/div><\/div><div class=\"swiper-slide\"><div class=\"fusion-carousel-item-wrapper\"><div class=\"fusion-image-wrapper hover-type-none\"><img decoding=\"async\" width=\"300\" height=\"150\" src=\"https:\/\/proagro.online\/wp-content\/uploads\/2020\/02\/SAER.jpg\" class=\"attachment-blog-medium size-blog-medium lazyload\" alt=\"\" srcset=\"data:image\/svg+xml,%3Csvg%20xmlns%3D%27http%3A%2F%2Fwww.w3.org%2F2000%2Fsvg%27%20width%3D%27300%27%20height%3D%27150%27%20viewBox%3D%270%200%20300%20150%27%3E%3Crect%20width%3D%27300%27%20height%3D%27150%27%20fill-opacity%3D%220%22%2F%3E%3C%2Fsvg%3E\" data-orig-src=\"https:\/\/proagro.online\/wp-content\/uploads\/2020\/02\/SAER.jpg\" data-srcset=\"https:\/\/proagro.online\/wp-content\/uploads\/2020\/02\/SAER-200x100.jpg 200w, https:\/\/proagro.online\/wp-content\/uploads\/2020\/02\/SAER.jpg 300w\" data-sizes=\"auto\" \/><\/div><\/div><\/div><div class=\"swiper-slide\"><div class=\"fusion-carousel-item-wrapper\"><div class=\"fusion-image-wrapper hover-type-none\"><img decoding=\"async\" width=\"300\" height=\"150\" src=\"https:\/\/proagro.online\/wp-content\/uploads\/2020\/02\/Senninger.jpg\" class=\"attachment-blog-medium size-blog-medium lazyload\" alt=\"\" srcset=\"data:image\/svg+xml,%3Csvg%20xmlns%3D%27http%3A%2F%2Fwww.w3.org%2F2000%2Fsvg%27%20width%3D%27300%27%20height%3D%27150%27%20viewBox%3D%270%200%20300%20150%27%3E%3Crect%20width%3D%27300%27%20height%3D%27150%27%20fill-opacity%3D%220%22%2F%3E%3C%2Fsvg%3E\" data-orig-src=\"https:\/\/proagro.online\/wp-content\/uploads\/2020\/02\/Senninger.jpg\" data-srcset=\"https:\/\/proagro.online\/wp-content\/uploads\/2020\/02\/Senninger-200x100.jpg 200w, https:\/\/proagro.online\/wp-content\/uploads\/2020\/02\/Senninger.jpg 300w\" data-sizes=\"auto\" \/><\/div><\/div><\/div><div class=\"swiper-slide\"><div class=\"fusion-carousel-item-wrapper\"><div class=\"fusion-image-wrapper hover-type-none\"><img decoding=\"async\" width=\"300\" height=\"150\" src=\"https:\/\/proagro.online\/wp-content\/uploads\/2020\/02\/TORO.jpg\" class=\"attachment-blog-medium size-blog-medium lazyload\" alt=\"\" srcset=\"data:image\/svg+xml,%3Csvg%20xmlns%3D%27http%3A%2F%2Fwww.w3.org%2F2000%2Fsvg%27%20width%3D%27300%27%20height%3D%27150%27%20viewBox%3D%270%200%20300%20150%27%3E%3Crect%20width%3D%27300%27%20height%3D%27150%27%20fill-opacity%3D%220%22%2F%3E%3C%2Fsvg%3E\" data-orig-src=\"https:\/\/proagro.online\/wp-content\/uploads\/2020\/02\/TORO.jpg\" data-srcset=\"https:\/\/proagro.online\/wp-content\/uploads\/2020\/02\/TORO-200x100.jpg 200w, https:\/\/proagro.online\/wp-content\/uploads\/2020\/02\/TORO.jpg 300w\" data-sizes=\"auto\" \/><\/div><\/div><\/div><div class=\"swiper-slide\"><div class=\"fusion-carousel-item-wrapper\"><div class=\"fusion-image-wrapper hover-type-none\"><img decoding=\"async\" width=\"300\" height=\"150\" src=\"https:\/\/proagro.online\/wp-content\/uploads\/2020\/02\/Zimmatic.jpg\" class=\"attachment-blog-medium size-blog-medium lazyload\" alt=\"\" srcset=\"data:image\/svg+xml,%3Csvg%20xmlns%3D%27http%3A%2F%2Fwww.w3.org%2F2000%2Fsvg%27%20width%3D%27300%27%20height%3D%27150%27%20viewBox%3D%270%200%20300%20150%27%3E%3Crect%20width%3D%27300%27%20height%3D%27150%27%20fill-opacity%3D%220%22%2F%3E%3C%2Fsvg%3E\" data-orig-src=\"https:\/\/proagro.online\/wp-content\/uploads\/2020\/02\/Zimmatic.jpg\" data-srcset=\"https:\/\/proagro.online\/wp-content\/uploads\/2020\/02\/Zimmatic-200x100.jpg 200w, https:\/\/proagro.online\/wp-content\/uploads\/2020\/02\/Zimmatic.jpg 300w\" data-sizes=\"auto\" \/><\/div><\/div><\/div><\/div><\/div><\/div><div class=\"fusion-clearfix\"><\/div><\/div><\/div><\/div><\/div>\n<\/p>\n","protected":false},"excerpt":{"rendered":"","protected":false},"author":2,"featured_media":0,"parent":0,"menu_order":0,"comment_status":"closed","ping_status":"closed","template":"100-width.php","meta":{"om_disable_all_campaigns":false,"_uag_custom_page_level_css":"","_monsterinsights_skip_tracking":false,"_monsterinsights_sitenote_active":false,"_monsterinsights_sitenote_note":"","_monsterinsights_sitenote_category":0,"_uf_show_specific_survey":0,"_uf_disable_surveys":false,"footnotes":""},"class_list":["post-548","page","type-page","status-publish","hentry"],"aioseo_notices":[],"uagb_featured_image_src":{"full":false,"thumbnail":false,"medium":false,"medium_large":false,"large":false,"1536x1536":false,"2048x2048":false,"blog-large":false,"blog-medium":false,"recent-posts":false,"recent-works-thumbnail":false,"fusion-200":false,"fusion-400":false,"fusion-600":false,"fusion-800":false,"fusion-1200":false},"uagb_author_info":{"display_name":"David Malazonia","author_link":"https:\/\/proagro.online\/az\/author\/dm\/"},"uagb_comment_info":0,"uagb_excerpt":null,"_links":{"self":[{"href":"https:\/\/proagro.online\/az\/wp-json\/wp\/v2\/pages\/548","targetHints":{"allow":["GET"]}}],"collection":[{"href":"https:\/\/proagro.online\/az\/wp-json\/wp\/v2\/pages"}],"about":[{"href":"https:\/\/proagro.online\/az\/wp-json\/wp\/v2\/types\/page"}],"author":[{"embeddable":true,"href":"https:\/\/proagro.online\/az\/wp-json\/wp\/v2\/users\/2"}],"replies":[{"embeddable":true,"href":"https:\/\/proagro.online\/az\/wp-json\/wp\/v2\/comments?post=548"}],"version-history":[{"count":3,"href":"https:\/\/proagro.online\/az\/wp-json\/wp\/v2\/pages\/548\/revisions"}],"predecessor-version":[{"id":856,"href":"https:\/\/proagro.online\/az\/wp-json\/wp\/v2\/pages\/548\/revisions\/856"}],"wp:attachment":[{"href":"https:\/\/proagro.online\/az\/wp-json\/wp\/v2\/media?parent=548"}],"curies":[{"name":"wp","href":"https:\/\/api.w.org\/{rel}","templated":true}]}}